{"id":87,"date":"2023-07-09T22:59:47","date_gmt":"2023-07-09T22:59:47","guid":{"rendered":"https:\/\/0402864a.markandleads.com\/?page_id=87"},"modified":"2025-08-27T10:33:35","modified_gmt":"2025-08-27T08:33:35","slug":"politica-de-cookies","status":"publish","type":"page","link":"https:\/\/controlprocessionaria.cat\/es\/politica-de-cookies\/","title":{"rendered":"Pol\u00edtica de cookies"},"content":{"rendered":"<div data-elementor-type=\"wp-page\" data-elementor-id=\"87\" class=\"elementor elementor-87\" data-elementor-post-type=\"page\">\n\t\t\t\t\t\t<section class=\"elementor-section elementor-top-section elementor-element elementor-element-7829f16 elementor-section-boxed elementor-section-height-default elementor-section-height-default\" data-id=\"7829f16\" data-element_type=\"section\">\n\t\t\t\t\t\t<div class=\"elementor-container elementor-column-gap-default\">\n\t\t\t\t\t<div class=\"elementor-column elementor-col-100 elementor-top-column elementor-element elementor-element-cd0d703\" data-id=\"cd0d703\" data-element_type=\"column\">\n\t\t\t<div class=\"elementor-widget-wrap elementor-element-populated\">\n\t\t\t\t\t\t<div class=\"elementor-element elementor-element-d25cb3e elementor-widget elementor-widget-text-editor\" data-id=\"d25cb3e\" data-element_type=\"widget\" data-widget_type=\"text-editor.default\">\n\t\t\t\t<div class=\"elementor-widget-container\">\n\t\t\t\t\t\t\t\t\t<p data-start=\"111\" data-end=\"452\">El sitio web <strong data-start=\"123\" data-end=\"156\"><a class=\"decorated-link\" href=\"https:\/\/controlprocessionaria.cat\/es\/\" target=\"_new\" rel=\"noopener\" data-start=\"125\" data-end=\"154\">www.controlprocessionaria.cat<\/a><\/strong> utiliza una tecnolog\u00eda denominada \u201cgalletas\u201d con el fin de poder recabar informaci\u00f3n sobre el uso del Sitio Web. Le informamos que podemos utilizar cookies con el fin de facilitar su navegaci\u00f3n, distinguirlo de otros usuarios y analizar sus h\u00e1bitos de navegaci\u00f3n dentro del sitio web.<\/p><p data-start=\"454\" data-end=\"600\">La presente Pol\u00edtica de Cookies tiene como finalidad informarle de forma clara y precisa sobre las cookies que se utilizan en nuestro Sitio Web.<\/p><hr data-start=\"602\" data-end=\"605\" \/><h2 data-start=\"607\" data-end=\"632\">\u00bfQu\u00e9 son las galletas?<\/h2><p data-start=\"634\" data-end=\"854\">Una cookie es un archivo que se descarga en su equipo (ordenador o dispositivo m\u00f3vil) con el fin de almacenar datos, que podr\u00e1n ser actualizados y recuperados por la entidad responsable de su instalaci\u00f3n.<\/p><p data-start=\"856\" data-end=\"1161\">La informaci\u00f3n recogida a trav\u00e9s de las cookies puede incluir la direcci\u00f3n IP, fecha y hora de visitas al Sitio Web, las p\u00e1ginas visualizadas dentro del mismo, el tiempo de permanencia y los sitios visitados justo antes y despu\u00e9s. Gracias a las cookies, podemos obtener informaci\u00f3n sobre sus h\u00e1bitos de navegaci\u00f3n.<\/p><hr data-start=\"1163\" data-end=\"1166\" \/><h2 data-start=\"1168\" data-end=\"1222\">Tipo de cookies que utilizamos en este Sitio web<\/h2><p data-start=\"1224\" data-end=\"1614\"><strong data-start=\"1224\" data-end=\"1256\">Cookies t\u00e9cnicas (propias):<\/strong><br data-start=\"1256\" data-end=\"1259\" \/>Son necesarias para el funcionamiento del Sitio Web y permiten, por ejemplo, la comunicaci\u00f3n de datos, el inicio de sesi\u00f3n o la utilizaci\u00f3n de servicios b\u00e1sicos. No requieren consentimiento expreso al estar excluidas del \u00e1mbito de aplicaci\u00f3n del art\u00edculo 22.2 de la Ley 34\/2002, de 11 de julio, de servicios de la sociedad de la informaci\u00f3n y de comercio electr\u00f3nico.<\/p><p data-start=\"1616\" data-end=\"1862\"><strong data-start=\"1616\" data-end=\"1650\">Cookies anal\u00edticas (terceros):<\/strong><br data-start=\"1650\" data-end=\"1653\" \/>Este Sitio Web utiliza el sistema de medida de audiencia <strong data-start=\"1711\" data-end=\"1731\">Google Analytics<\/strong>, un servicio de an\u00e1lisis web prestado por Google LLC, con domicilio en 1600 Amphitheatre Parkway, Mountain View, California 94043, EE.UU.<\/p><p data-start=\"1864\" data-end=\"2151\">La instalaci\u00f3n de estas cookies, junto con los archivos de registro del servidor, nos permite conocer el n\u00famero total de usuarios que visitan nuestro Sitio Web, las secciones m\u00e1s populares y c\u00f3mo interact\u00faan los usuarios, ayud\u00e1ndonos a mejorar la navegaci\u00f3n y ofrecer un mejor servicio.<\/p><p data-start=\"2153\" data-end=\"2309\">La transferencia internacional de datos con Google se ampara en la formalizaci\u00f3n de las <strong data-start=\"2240\" data-end=\"2272\">Cl\u00e1usulas Contractuales Tipo<\/strong> aprobadas por la Comisi\u00f3n Europea.<\/p><hr data-start=\"2311\" data-end=\"2314\" \/><h2 data-start=\"2316\" data-end=\"2356\">Rechazo y revocaci\u00f3n del consentimiento<\/h2><p data-start=\"2358\" data-end=\"2550\">Puede rechazar el uso de cookies en este Sitio Web y revocar su consentimiento en cualquier momento mediante el banner de configuraci\u00f3n de cookies o ajustando la configuraci\u00f3n de su navegador.<\/p><hr data-start=\"2552\" data-end=\"2555\" \/><h2 data-start=\"2557\" data-end=\"2583\">Eliminaci\u00f3n de galletas<\/h2><p data-start=\"2585\" data-end=\"2783\">En cualquier momento puede eliminar, bloquear o desactivar las cookies modificando la configuraci\u00f3n de su navegador. Esto le permitir\u00e1 rechazar la instalaci\u00f3n de todas las cookies o s\u00f3lo algunas.<\/p><p data-start=\"2785\" data-end=\"2910\">Si elimina todas las cookies de este Sitio Web, tambi\u00e9n se eliminar\u00e1n sus preferencias (aceptaci\u00f3n, rechazo o revocaci\u00f3n).<\/p><p data-start=\"2912\" data-end=\"3012\">A continuaci\u00f3n, puede encontrar informaci\u00f3n sobre c\u00f3mo gestionar las cookies en los principales navegadores:<\/p><ul data-start=\"3014\" data-end=\"3468\"><li data-start=\"3014\" data-end=\"3107\"><p data-start=\"3016\" data-end=\"3107\"><a class=\"decorated-link cursor-pointer\" target=\"_new\" rel=\"noopener\" data-start=\"3016\" data-end=\"3105\">Firefox<\/a><\/p><\/li><li data-start=\"3108\" data-end=\"3174\"><p data-start=\"3110\" data-end=\"3174\"><a class=\"decorated-link cursor-pointer\" target=\"_new\" rel=\"noopener\" data-start=\"3110\" data-end=\"3172\">Chrome<\/a><\/p><\/li><li data-start=\"3175\" data-end=\"3247\"><p data-start=\"3177\" data-end=\"3247\"><a class=\"decorated-link cursor-pointer\" target=\"_new\" rel=\"noopener\" data-start=\"3177\" data-end=\"3245\">Safari<\/a><\/p><\/li><li data-start=\"3248\" data-end=\"3367\"><p data-start=\"3250\" data-end=\"3367\"><a class=\"decorated-link cursor-pointer\" target=\"_new\" rel=\"noopener\" data-start=\"3250\" data-end=\"3365\">Internet Explorer<\/a><\/p><\/li><li data-start=\"3368\" data-end=\"3468\"><p data-start=\"3370\" data-end=\"3468\"><a class=\"decorated-link cursor-pointer\" target=\"_new\" rel=\"noopener\" data-start=\"3370\" data-end=\"3466\">Microsoft Edge<\/a><\/p><\/li><\/ul><hr data-start=\"3470\" data-end=\"3473\" \/><h2 data-start=\"3475\" data-end=\"3512\">Cambios en la Pol\u00edtica de cookies<\/h2><p data-start=\"3514\" data-end=\"3672\">Es posible que actualicemos esta Pol\u00edtica de cookies. Le recomendamos revisarla peri\u00f3dicamente para estar informado sobre c\u00f3mo y por qu\u00e9 utilizamos las cookies.<\/p><hr data-start=\"3674\" data-end=\"3677\" \/><h2 data-start=\"3679\" data-end=\"3706\">Pol\u00edtica de privacidad<\/h2><p data-start=\"3708\" data-end=\"3887\">Puede leer la nuestra <a class=\"decorated-link cursor-pointer\" target=\"_new\" rel=\"noopener\" data-start=\"3729\" data-end=\"3808\">Pol\u00edtica de privacidad<\/a> para obtener m\u00e1s informaci\u00f3n sobre el tratamiento de sus datos personales.<\/p><hr data-start=\"3889\" data-end=\"3892\" \/><h2 data-start=\"3894\" data-end=\"3907\">Contacto<\/h2><p data-start=\"3909\" data-end=\"4040\">Si tuviera alguna duda, comentario o sugerencia sobre la Pol\u00edtica de Cookies, puede ponerse en contacto con nosotros a trav\u00e9s de:<\/p><ul data-start=\"4042\" data-end=\"4219\"><li data-start=\"4042\" data-end=\"4099\"><p data-start=\"4044\" data-end=\"4099\"><strong data-start=\"4044\" data-end=\"4066\">Correo electr\u00f3nico:<\/strong> <a class=\"decorated-link cursor-pointer\" rel=\"noopener\" data-start=\"4067\" data-end=\"4097\">info@controlprocessionaria.cat<\/a><\/p><\/li><li data-start=\"4100\" data-end=\"4128\"><p data-start=\"4102\" data-end=\"4128\"><strong data-start=\"4102\" data-end=\"4114\">Tel\u00e9fono:<\/strong> 619 567 708<\/p><\/li><li data-start=\"4129\" data-end=\"4219\"><p data-start=\"4131\" data-end=\"4219\"><strong data-start=\"4131\" data-end=\"4149\">Direcci\u00f3n postal:<\/strong> \u00c1ngel Guimer\u00e0 4, Local \u2013 08459 San Antonio de Vilamajor (Barcelona)<\/p><\/li><\/ul>\t\t\t\t\t\t\t\t<\/div>\n\t\t\t\t<\/div>\n\t\t\t\t\t<\/div>\n\t\t<\/div>\n\t\t\t\t\t<\/div>\n\t\t<\/section>\n\t\t\t\t<section class=\"elementor-section elementor-top-section elementor-element elementor-element-da68113 elementor-section-boxed elementor-section-height-default elementor-section-height-default\" data-id=\"da68113\" data-element_type=\"section\">\n\t\t\t\t\t\t<div class=\"elementor-container elementor-column-gap-default\">\n\t\t\t\t\t<div class=\"elementor-column elementor-col-100 elementor-top-column elementor-element elementor-element-bf3dd5b\" data-id=\"bf3dd5b\" data-element_type=\"column\">\n\t\t\t<div class=\"elementor-widget-wrap elementor-element-populated\">\n\t\t\t\t\t\t<div class=\"elementor-element elementor-element-ab64d80 elementor-widget elementor-widget-spacer\" data-id=\"ab64d80\" data-element_type=\"widget\" data-widget_type=\"spacer.default\">\n\t\t\t\t<div class=\"elementor-widget-container\">\n\t\t\t\t\t\t\t<div class=\"elementor-spacer\">\n\t\t\t<div class=\"elementor-spacer-inner\"><\/div>\n\t\t<\/div>\n\t\t\t\t\t\t<\/div>\n\t\t\t\t<\/div>\n\t\t\t\t\t<\/div>\n\t\t<\/div>\n\t\t\t\t\t<\/div>\n\t\t<\/section>\n\t\t\t\t<\/div>","protected":false},"excerpt":{"rendered":"<p>El sitio web www.controlprocessionaria.cat utiliza una tecnolog\u00eda denominada \u201cgalletas\u201d con el fin de poder recabar informaci\u00f3n sobre el uso del Sitio web. Le informamos que podemos utilizar cookies con el fin de facilitar su navegaci\u00f3n, distinguirlo de otros usuarios y analizar sus h\u00e1bitos de navegaci\u00f3n dentro del sitio web. La presente Pol\u00edtica de galletas tiene como [\u2026]<\/p>","protected":false},"author":1,"featured_media":0,"parent":0,"menu_order":0,"comment_status":"closed","ping_status":"closed","template":"","meta":{"footnotes":""},"class_list":["post-87","page","type-page","status-publish","hentry"],"yoast_head":"<!-- This site is optimized with the Yoast SEO Premium plugin v25.7.1 (Yoast SEO v25.8) - https:\/\/yoast.com\/wordpress\/plugins\/seo\/ -->\n<title>Pol\u00edtica de cookies - Control Processionaria<\/title>\n<meta name=\"robots\" content=\"noindex, follow\" \/>\n<meta property=\"og:locale\" content=\"es_ES\" \/>\n<meta property=\"og:type\" content=\"article\" \/>\n<meta property=\"og:title\" content=\"Pol\u00edtica de cookies\" \/>\n<meta property=\"og:description\" content=\"El lloc web www.controlprocessionaria.cat utilitza una tecnologia denominada \u201cgaletes\u201d amb la finalitat de poder recollir informaci\u00f3 sobre l\u2019\u00fas del Lloc web. L\u2019informem que podem utilitzar galetes amb la finalitat de facilitar la seva navegaci\u00f3, distingir-lo d\u2019altres usuaris i analitzar els seus h\u00e0bits de navegaci\u00f3 dins del Lloc web. La present Pol\u00edtica de galetes t\u00e9 com [&hellip;]\" \/>\n<meta property=\"og:url\" content=\"https:\/\/controlprocessionaria.cat\/es\/politica-de-cookies\/\" \/>\n<meta property=\"og:site_name\" content=\"Control Processionaria\" \/>\n<meta property=\"article:modified_time\" content=\"2025-08-27T08:33:35+00:00\" \/>\n<meta name=\"twitter:card\" content=\"summary_large_image\" \/>\n<meta name=\"twitter:label1\" content=\"Tiempo de lectura\" \/>\n\t<meta name=\"twitter:data1\" content=\"3 minutos\" \/>\n<script type=\"application\/ld+json\" class=\"yoast-schema-graph\">{\"@context\":\"https:\/\/schema.org\",\"@graph\":[{\"@type\":\"WebPage\",\"@id\":\"https:\/\/controlprocessionaria.cat\/politica-de-cookies\/\",\"url\":\"https:\/\/controlprocessionaria.cat\/politica-de-cookies\/\",\"name\":\"Pol\u00edtica de cookies - Control Processionaria\",\"isPartOf\":{\"@id\":\"https:\/\/controlprocessionaria.cat\/#website\"},\"datePublished\":\"2023-07-09T22:59:47+00:00\",\"dateModified\":\"2025-08-27T08:33:35+00:00\",\"breadcrumb\":{\"@id\":\"https:\/\/controlprocessionaria.cat\/politica-de-cookies\/#breadcrumb\"},\"inLanguage\":\"es\",\"potentialAction\":[{\"@type\":\"ReadAction\",\"target\":[\"https:\/\/controlprocessionaria.cat\/politica-de-cookies\/\"]}]},{\"@type\":\"BreadcrumbList\",\"@id\":\"https:\/\/controlprocessionaria.cat\/politica-de-cookies\/#breadcrumb\",\"itemListElement\":[{\"@type\":\"ListItem\",\"position\":1,\"name\":\"Portada\",\"item\":\"https:\/\/controlprocessionaria.cat\/\"},{\"@type\":\"ListItem\",\"position\":2,\"name\":\"Pol\u00edtica de cookies\"}]},{\"@type\":\"WebSite\",\"@id\":\"https:\/\/controlprocessionaria.cat\/#website\",\"url\":\"https:\/\/controlprocessionaria.cat\/\",\"name\":\"Control Processionaria\",\"description\":\"\",\"potentialAction\":[{\"@type\":\"SearchAction\",\"target\":{\"@type\":\"EntryPoint\",\"urlTemplate\":\"https:\/\/controlprocessionaria.cat\/?s={search_term_string}\"},\"query-input\":{\"@type\":\"PropertyValueSpecification\",\"valueRequired\":true,\"valueName\":\"search_term_string\"}}],\"inLanguage\":\"es\"},{\"@type\":\"ImageObject\",\"inLanguage\":\"es\",\"@id\":\"https:\/\/controlprocessionaria.cat\/politica-de-cookies\/#local-main-organization-logo\",\"url\":\"\",\"contentUrl\":\"\",\"caption\":\"Control Processionaria\"}]}<\/script>\n<!-- \/ Yoast SEO Premium plugin. -->","yoast_head_json":{"title":"Pol\u00edtica de cookies - Control Procesionaria","robots":{"index":"noindex","follow":"follow"},"og_locale":"es_ES","og_type":"article","og_title":"Pol\u00edtica de cookies","og_description":"El lloc web www.controlprocessionaria.cat utilitza una tecnologia denominada \u201cgaletes\u201d amb la finalitat de poder recollir informaci\u00f3 sobre l\u2019\u00fas del Lloc web. L\u2019informem que podem utilitzar galetes amb la finalitat de facilitar la seva navegaci\u00f3, distingir-lo d\u2019altres usuaris i analitzar els seus h\u00e0bits de navegaci\u00f3 dins del Lloc web. La present Pol\u00edtica de galetes t\u00e9 com [&hellip;]","og_url":"https:\/\/controlprocessionaria.cat\/es\/politica-de-cookies\/","og_site_name":"Control Processionaria","article_modified_time":"2025-08-27T08:33:35+00:00","twitter_card":"summary_large_image","twitter_misc":{"Tiempo de lectura":"3 minutos"},"schema":{"@context":"https:\/\/schema.org","@graph":[{"@type":"WebPage","@id":"https:\/\/controlprocessionaria.cat\/politica-de-cookies\/","url":"https:\/\/controlprocessionaria.cat\/politica-de-cookies\/","name":"Pol\u00edtica de cookies - Control Procesionaria","isPartOf":{"@id":"https:\/\/controlprocessionaria.cat\/#website"},"datePublished":"2023-07-09T22:59:47+00:00","dateModified":"2025-08-27T08:33:35+00:00","breadcrumb":{"@id":"https:\/\/controlprocessionaria.cat\/politica-de-cookies\/#breadcrumb"},"inLanguage":"es","potentialAction":[{"@type":"ReadAction","target":["https:\/\/controlprocessionaria.cat\/politica-de-cookies\/"]}]},{"@type":"BreadcrumbList","@id":"https:\/\/controlprocessionaria.cat\/politica-de-cookies\/#breadcrumb","itemListElement":[{"@type":"ListItem","position":1,"name":"Portada","item":"https:\/\/controlprocessionaria.cat\/"},{"@type":"ListItem","position":2,"name":"Pol\u00edtica de cookies"}]},{"@type":"WebSite","@id":"https:\/\/controlprocessionaria.cat\/#website","url":"https:\/\/controlprocessionaria.cat\/","name":"Control Procesionaria","description":"","potentialAction":[{"@type":"SearchAction","target":{"@type":"EntryPoint","urlTemplate":"https:\/\/controlprocessionaria.cat\/?s={search_term_string}"},"query-input":{"@type":"PropertyValueSpecification","valueRequired":true,"valueName":"search_term_string"}}],"inLanguage":"es"},{"@type":"ImageObject","inLanguage":"es","@id":"https:\/\/controlprocessionaria.cat\/politica-de-cookies\/#local-main-organization-logo","url":"","contentUrl":"","caption":"Control Processionaria"}]}},"_links":{"self":[{"href":"https:\/\/controlprocessionaria.cat\/es\/wp-json\/wp\/v2\/pages\/87","targetHints":{"allow":["GET"]}}],"collection":[{"href":"https:\/\/controlprocessionaria.cat\/es\/wp-json\/wp\/v2\/pages"}],"about":[{"href":"https:\/\/controlprocessionaria.cat\/es\/wp-json\/wp\/v2\/types\/page"}],"author":[{"embeddable":true,"href":"https:\/\/controlprocessionaria.cat\/es\/wp-json\/wp\/v2\/users\/1"}],"replies":[{"embeddable":true,"href":"https:\/\/controlprocessionaria.cat\/es\/wp-json\/wp\/v2\/comments?post=87"}],"version-history":[{"count":0,"href":"https:\/\/controlprocessionaria.cat\/es\/wp-json\/wp\/v2\/pages\/87\/revisions"}],"wp:attachment":[{"href":"https:\/\/controlprocessionaria.cat\/es\/wp-json\/wp\/v2\/media?parent=87"}],"curies":[{"name":"wp","href":"https:\/\/api.w.org\/{rel}","templated":true}]}}