{"id":82,"date":"2023-07-09T22:57:05","date_gmt":"2023-07-09T22:57:05","guid":{"rendered":"https:\/\/0402864a.markandleads.com\/?page_id=82"},"modified":"2025-08-27T10:35:12","modified_gmt":"2025-08-27T08:35:12","slug":"politica-de-privacidad","status":"publish","type":"page","link":"https:\/\/controlprocessionaria.cat\/es\/politica-de-privacidad\/","title":{"rendered":"Pol\u00edtica de privacidad"},"content":{"rendered":"<div data-elementor-type=\"wp-page\" data-elementor-id=\"82\" class=\"elementor elementor-82\" data-elementor-post-type=\"page\">\n\t\t\t\t\t\t<section class=\"elementor-section elementor-top-section elementor-element elementor-element-d00621c elementor-section-boxed elementor-section-height-default elementor-section-height-default\" data-id=\"d00621c\" data-element_type=\"section\">\n\t\t\t\t\t\t<div class=\"elementor-container elementor-column-gap-default\">\n\t\t\t\t\t<div class=\"elementor-column elementor-col-100 elementor-top-column elementor-element elementor-element-322c026\" data-id=\"322c026\" data-element_type=\"column\">\n\t\t\t<div class=\"elementor-widget-wrap\">\n\t\t\t\t\t\t\t<\/div>\n\t\t<\/div>\n\t\t\t\t\t<\/div>\n\t\t<\/section>\n\t\t\t\t<section class=\"elementor-section elementor-top-section elementor-element elementor-element-752c10f elementor-section-boxed elementor-section-height-default elementor-section-height-default\" data-id=\"752c10f\" data-element_type=\"section\">\n\t\t\t\t\t\t<div class=\"elementor-container elementor-column-gap-default\">\n\t\t\t\t\t<div class=\"elementor-column elementor-col-100 elementor-top-column elementor-element elementor-element-8a8903b\" data-id=\"8a8903b\" data-element_type=\"column\">\n\t\t\t<div class=\"elementor-widget-wrap elementor-element-populated\">\n\t\t\t\t\t\t<div class=\"elementor-element elementor-element-a2417c3 elementor-widget elementor-widget-text-editor\" data-id=\"a2417c3\" data-element_type=\"widget\" data-widget_type=\"text-editor.default\">\n\t\t\t\t<div class=\"elementor-widget-container\">\n\t\t\t\t\t\t\t\t\t<h2 data-start=\"117\" data-end=\"151\">1. Responsable del tratamiento<\/h2><p data-start=\"153\" data-end=\"196\"><strong data-start=\"153\" data-end=\"194\">Datos del responsable del tratamiento:<\/strong><\/p><ul data-start=\"197\" data-end=\"405\"><li data-start=\"197\" data-end=\"227\"><p data-start=\"199\" data-end=\"227\"><strong data-start=\"199\" data-end=\"213\">Identidad:<\/strong> DGTIC SCP<\/p><\/li><li data-start=\"228\" data-end=\"318\"><p data-start=\"230\" data-end=\"318\"><strong data-start=\"230\" data-end=\"248\">Direcci\u00f3n postal:<\/strong> \u00c1ngel Guimer\u00e0 4, Local \u2013 08459 San Antonio de Vilamajor (Barcelona)<\/p><\/li><li data-start=\"319\" data-end=\"347\"><p data-start=\"321\" data-end=\"347\"><strong data-start=\"321\" data-end=\"333\">Tel\u00e9fono:<\/strong> 619 567 708<\/p><\/li><li data-start=\"348\" data-end=\"405\"><p data-start=\"350\" data-end=\"405\"><strong data-start=\"350\" data-end=\"372\">Correo electr\u00f3nico:<\/strong> <a class=\"decorated-link cursor-pointer\" rel=\"noopener\" data-start=\"373\" data-end=\"403\">info@controlprocessionaria.cat<\/a><\/p><\/li><\/ul><hr data-start=\"407\" data-end=\"410\" \/><h2 data-start=\"412\" data-end=\"436\">2. Datos recogidos<\/h2><p data-start=\"438\" data-end=\"684\"><strong data-start=\"438\" data-end=\"459\">Navegaci\u00f3n de la web<\/strong><br data-start=\"459\" data-end=\"462\" \/>Recogemos datos como direcci\u00f3n IP, cookies y tecnolog\u00edas similares. Estos datos permiten la conexi\u00f3n con el sitio web y la mejora de la experiencia del usuario. Puede consultar m\u00e1s informaci\u00f3n en nuestra Pol\u00edtica de cookies.<\/p><p data-start=\"686\" data-end=\"871\"><strong data-start=\"686\" data-end=\"745\">Solicitud de informaci\u00f3n, compra de un producto o servicio<\/strong><br data-start=\"745\" data-end=\"748\" \/>Recogemos los datos identificativos necesarios para gestionar su solicitud, enviar el producto o prestar el servicio.<\/p><p data-start=\"873\" data-end=\"1018\"><strong data-start=\"873\" data-end=\"917\">Suscripci\u00f3n a newsletters y publicaciones<\/strong><br data-start=\"917\" data-end=\"920\" \/>Recogemos los datos identificativos necesarios para enviarle el contenido al que se ha suscrito.<\/p><p data-start=\"1020\" data-end=\"1437\"><strong data-start=\"1020\" data-end=\"1064\">Suscripci\u00f3n a eventos y actividades<\/strong><br data-start=\"1064\" data-end=\"1067\" \/>Recogemos los datos necesarios para gestionar su participaci\u00f3n (nombre, apellidos, correo electr\u00f3nico, empresa, cargo y datos de contacto profesional). Estos actos podr\u00e1n ser grabados o fotografiados, y su imagen podr\u00e1 ser publicada en los canales internos y externos de la empresa (web, redes sociales, etc.) \u00fanicamente con fines informativos sobre la actividad.<\/p><hr data-start=\"1439\" data-end=\"1442\" \/><h2 data-start=\"1444\" data-end=\"1461\">3. Finalidad<\/h2><p data-start=\"1463\" data-end=\"1513\">Los datos personales se recogen y tratan para:<\/p><ul data-start=\"1515\" data-end=\"1844\"><li data-start=\"1515\" data-end=\"1569\"><p data-start=\"1517\" data-end=\"1569\">Gestionar la relaci\u00f3n con los servicios solicitados.<\/p><\/li><li data-start=\"1570\" data-end=\"1647\"><p data-start=\"1572\" data-end=\"1647\">Enviar newsletters e informaci\u00f3n relacionada con la actividad de la empresa.<\/p><\/li><li data-start=\"1648\" data-end=\"1675\"><p data-start=\"1650\" data-end=\"1675\">Gestionar el uso de la web.<\/p><\/li><li data-start=\"1676\" data-end=\"1748\"><p data-start=\"1678\" data-end=\"1748\">Responder a consultas o solicitudes enviadas a trav\u00e9s del sitio web.<\/p><\/li><li data-start=\"1749\" data-end=\"1844\"><p data-start=\"1751\" data-end=\"1844\">Informar sobre actividades de divulgaci\u00f3n y ense\u00f1anza relacionadas con nuestros servicios.<\/p><\/li><\/ul><hr data-start=\"1846\" data-end=\"1849\" \/><h2 data-start=\"1851\" data-end=\"1884\">4. Legitimaci\u00f3n y conservaci\u00f3n<\/h2><ul data-start=\"1886\" data-end=\"2350\"><li data-start=\"1886\" data-end=\"2015\"><p data-start=\"1888\" data-end=\"2015\">El tratamiento de la direcci\u00f3n IP se legitima en el inter\u00e9s leg\u00edtimo de la empresa por posibilitar la conexi\u00f3n y mejorar el servicio.<\/p><\/li><li data-start=\"2016\" data-end=\"2148\"><p data-start=\"2018\" data-end=\"2148\">En caso de suscripciones, solicitudes o participaci\u00f3n en eventos, la base jur\u00eddica ser\u00e1 el consentimiento expreso del usuario.<\/p><\/li><li data-start=\"2149\" data-end=\"2350\"><p data-start=\"2151\" data-end=\"2350\">Los datos se conservar\u00e1n mientras dure la relaci\u00f3n o el usuario no revoque el consentimiento. Posteriormente, se mantendr\u00e1n bloqueadas hasta su cancelaci\u00f3n definitiva seg\u00fan normativa aplicable.<\/p><\/li><\/ul><hr data-start=\"2352\" data-end=\"2355\" \/><h2 data-start=\"2357\" data-end=\"2376\">5. Comunicaci\u00f3n<\/h2><p data-start=\"2378\" data-end=\"2724\">DGTIC SCP no comunicar\u00e1 los datos a terceros a menos que sea estrictamente necesario para la prestaci\u00f3n del servicio o por obligaci\u00f3n legal.<br data-start=\"2516\" data-end=\"2519\" \/>En caso de eventos organizados con terceros, sus datos podr\u00e1n ser cedidos \u00fanicamente para la gesti\u00f3n de estos eventos.<br data-start=\"2652\" data-end=\"2655\" \/>No se tomar\u00e1n decisiones automatizadas sobre los datos recogidos.<\/p><hr data-start=\"2726\" data-end=\"2729\" \/><h2 data-start=\"2731\" data-end=\"2744\">6. Derechos<\/h2><p data-start=\"2746\" data-end=\"2956\">El Usuario puede ejercer sus derechos de acceso, rectificaci\u00f3n, supresi\u00f3n, oposici\u00f3n, limitaci\u00f3n del tratamiento y portabilidad de sus datos, as\u00ed como revocar el consentimiento prestado, enviando una solicitud a:<\/p><ul data-start=\"2958\" data-end=\"3044\"><li data-start=\"2958\" data-end=\"3015\"><p data-start=\"2960\" data-end=\"3015\"><strong data-start=\"2960\" data-end=\"2982\">Correo electr\u00f3nico:<\/strong> <a class=\"decorated-link cursor-pointer\" rel=\"noopener\" data-start=\"2983\" data-end=\"3013\">info@controlprocessionaria.cat<\/a><\/p><\/li><li data-start=\"3016\" data-end=\"3044\"><p data-start=\"3018\" data-end=\"3044\"><strong data-start=\"3018\" data-end=\"3030\">Tel\u00e9fono:<\/strong> 619 567 708<\/p><\/li><\/ul><p data-start=\"3046\" data-end=\"3164\">La solicitud deber\u00e1 incluir nombre, apellidos, copia del DNI o documento identificativo, y el derecho que desea ejercer.<\/p>\t\t\t\t\t\t\t\t<\/div>\n\t\t\t\t<\/div>\n\t\t\t\t<div class=\"elementor-element elementor-element-c8566de elementor-widget elementor-widget-spacer\" data-id=\"c8566de\" data-element_type=\"widget\" data-widget_type=\"spacer.default\">\n\t\t\t\t<div class=\"elementor-widget-container\">\n\t\t\t\t\t\t\t<div class=\"elementor-spacer\">\n\t\t\t<div class=\"elementor-spacer-inner\"><\/div>\n\t\t<\/div>\n\t\t\t\t\t\t<\/div>\n\t\t\t\t<\/div>\n\t\t\t\t\t<\/div>\n\t\t<\/div>\n\t\t\t\t\t<\/div>\n\t\t<\/section>\n\t\t\t\t<\/div>","protected":false},"excerpt":{"rendered":"<p>1. Responsable del tratamiento Datos del responsable del tratamiento: Identidad: DGTIC SCP Direcci\u00f3n postal: \u00c1ngel Guimer\u00e0 4, Local \u2013 08459 Sant Antoni de Vilamajor (Barcelona) Tel\u00e9fono: 619 567 708 Correo electr\u00f3nico: info@controlprocessionaria.cat 2. Datos recogidos Navegaci\u00f3n de la webRecog. Estos datos permiten la conexi\u00f3n con el sitio web [\u2026]<\/p>","protected":false},"author":1,"featured_media":0,"parent":0,"menu_order":0,"comment_status":"closed","ping_status":"closed","template":"","meta":{"footnotes":""},"class_list":["post-82","page","type-page","status-publish","hentry"],"yoast_head":"<!-- This site is optimized with the Yoast SEO Premium plugin v25.7.1 (Yoast SEO v25.8) - https:\/\/yoast.com\/wordpress\/plugins\/seo\/ -->\n<title>Pol\u00edtica de privacitat - Control Processionaria<\/title>\n<meta name=\"robots\" content=\"noindex, follow\" \/>\n<meta property=\"og:locale\" content=\"es_ES\" \/>\n<meta property=\"og:type\" content=\"article\" \/>\n<meta property=\"og:title\" content=\"Pol\u00edtica de privacitat\" \/>\n<meta property=\"og:description\" content=\"1. Responsable del tractament Dades del responsable del tractament: Identitat: DGTIC S.C.P Adre\u00e7a postal: \u00c1ngel Guimer\u00e0 4, Local \u2013 08459 Sant Antoni de Vilamajor (Barcelona) Tel\u00e8fon: 619 567 708 Correu electr\u00f2nic: info@controlprocessionaria.cat 2. Dades recollides Navegaci\u00f3 del webRecollim dades com l\u2019adre\u00e7a IP, galetes i tecnologies similars. Aquestes dades permeten la connexi\u00f3 amb el lloc web [&hellip;]\" \/>\n<meta property=\"og:url\" content=\"https:\/\/controlprocessionaria.cat\/es\/politica-de-privacidad\/\" \/>\n<meta property=\"og:site_name\" content=\"Control Processionaria\" \/>\n<meta property=\"article:modified_time\" content=\"2025-08-27T08:35:12+00:00\" \/>\n<meta name=\"twitter:card\" content=\"summary_large_image\" \/>\n<meta name=\"twitter:label1\" content=\"Tiempo de lectura\" \/>\n\t<meta name=\"twitter:data1\" content=\"2 minutos\" \/>\n<script type=\"application\/ld+json\" class=\"yoast-schema-graph\">{\"@context\":\"https:\/\/schema.org\",\"@graph\":[{\"@type\":\"WebPage\",\"@id\":\"https:\/\/controlprocessionaria.cat\/politica-de-privacidad\/\",\"url\":\"https:\/\/controlprocessionaria.cat\/politica-de-privacidad\/\",\"name\":\"Pol\u00edtica de privacitat - Control Processionaria\",\"isPartOf\":{\"@id\":\"https:\/\/controlprocessionaria.cat\/#website\"},\"datePublished\":\"2023-07-09T22:57:05+00:00\",\"dateModified\":\"2025-08-27T08:35:12+00:00\",\"breadcrumb\":{\"@id\":\"https:\/\/controlprocessionaria.cat\/politica-de-privacidad\/#breadcrumb\"},\"inLanguage\":\"es\",\"potentialAction\":[{\"@type\":\"ReadAction\",\"target\":[\"https:\/\/controlprocessionaria.cat\/politica-de-privacidad\/\"]}]},{\"@type\":\"BreadcrumbList\",\"@id\":\"https:\/\/controlprocessionaria.cat\/politica-de-privacidad\/#breadcrumb\",\"itemListElement\":[{\"@type\":\"ListItem\",\"position\":1,\"name\":\"Portada\",\"item\":\"https:\/\/controlprocessionaria.cat\/\"},{\"@type\":\"ListItem\",\"position\":2,\"name\":\"Pol\u00edtica de privacitat\"}]},{\"@type\":\"WebSite\",\"@id\":\"https:\/\/controlprocessionaria.cat\/#website\",\"url\":\"https:\/\/controlprocessionaria.cat\/\",\"name\":\"Control Processionaria\",\"description\":\"\",\"potentialAction\":[{\"@type\":\"SearchAction\",\"target\":{\"@type\":\"EntryPoint\",\"urlTemplate\":\"https:\/\/controlprocessionaria.cat\/?s={search_term_string}\"},\"query-input\":{\"@type\":\"PropertyValueSpecification\",\"valueRequired\":true,\"valueName\":\"search_term_string\"}}],\"inLanguage\":\"es\"},{\"@type\":\"ImageObject\",\"inLanguage\":\"es\",\"@id\":\"https:\/\/controlprocessionaria.cat\/politica-de-privacidad\/#local-main-organization-logo\",\"url\":\"\",\"contentUrl\":\"\",\"caption\":\"Control Processionaria\"}]}<\/script>\n<!-- \/ Yoast SEO Premium plugin. -->","yoast_head_json":{"title":"Pol\u00edtica de privacidad - Control Procesionaria","robots":{"index":"noindex","follow":"follow"},"og_locale":"es_ES","og_type":"article","og_title":"Pol\u00edtica de privacitat","og_description":"1. Responsable del tractament Dades del responsable del tractament: Identitat: DGTIC S.C.P Adre\u00e7a postal: \u00c1ngel Guimer\u00e0 4, Local \u2013 08459 Sant Antoni de Vilamajor (Barcelona) Tel\u00e8fon: 619 567 708 Correu electr\u00f2nic: info@controlprocessionaria.cat 2. Dades recollides Navegaci\u00f3 del webRecollim dades com l\u2019adre\u00e7a IP, galetes i tecnologies similars. Aquestes dades permeten la connexi\u00f3 amb el lloc web [&hellip;]","og_url":"https:\/\/controlprocessionaria.cat\/es\/politica-de-privacidad\/","og_site_name":"Control Processionaria","article_modified_time":"2025-08-27T08:35:12+00:00","twitter_card":"summary_large_image","twitter_misc":{"Tiempo de lectura":"2 minutos"},"schema":{"@context":"https:\/\/schema.org","@graph":[{"@type":"WebPage","@id":"https:\/\/controlprocessionaria.cat\/politica-de-privacidad\/","url":"https:\/\/controlprocessionaria.cat\/politica-de-privacidad\/","name":"Pol\u00edtica de privacidad - Control Procesionaria","isPartOf":{"@id":"https:\/\/controlprocessionaria.cat\/#website"},"datePublished":"2023-07-09T22:57:05+00:00","dateModified":"2025-08-27T08:35:12+00:00","breadcrumb":{"@id":"https:\/\/controlprocessionaria.cat\/politica-de-privacidad\/#breadcrumb"},"inLanguage":"es","potentialAction":[{"@type":"ReadAction","target":["https:\/\/controlprocessionaria.cat\/politica-de-privacidad\/"]}]},{"@type":"BreadcrumbList","@id":"https:\/\/controlprocessionaria.cat\/politica-de-privacidad\/#breadcrumb","itemListElement":[{"@type":"ListItem","position":1,"name":"Portada","item":"https:\/\/controlprocessionaria.cat\/"},{"@type":"ListItem","position":2,"name":"Pol\u00edtica de privacitat"}]},{"@type":"WebSite","@id":"https:\/\/controlprocessionaria.cat\/#website","url":"https:\/\/controlprocessionaria.cat\/","name":"Control Procesionaria","description":"","potentialAction":[{"@type":"SearchAction","target":{"@type":"EntryPoint","urlTemplate":"https:\/\/controlprocessionaria.cat\/?s={search_term_string}"},"query-input":{"@type":"PropertyValueSpecification","valueRequired":true,"valueName":"search_term_string"}}],"inLanguage":"es"},{"@type":"ImageObject","inLanguage":"es","@id":"https:\/\/controlprocessionaria.cat\/politica-de-privacidad\/#local-main-organization-logo","url":"","contentUrl":"","caption":"Control Processionaria"}]}},"_links":{"self":[{"href":"https:\/\/controlprocessionaria.cat\/es\/wp-json\/wp\/v2\/pages\/82","targetHints":{"allow":["GET"]}}],"collection":[{"href":"https:\/\/controlprocessionaria.cat\/es\/wp-json\/wp\/v2\/pages"}],"about":[{"href":"https:\/\/controlprocessionaria.cat\/es\/wp-json\/wp\/v2\/types\/page"}],"author":[{"embeddable":true,"href":"https:\/\/controlprocessionaria.cat\/es\/wp-json\/wp\/v2\/users\/1"}],"replies":[{"embeddable":true,"href":"https:\/\/controlprocessionaria.cat\/es\/wp-json\/wp\/v2\/comments?post=82"}],"version-history":[{"count":0,"href":"https:\/\/controlprocessionaria.cat\/es\/wp-json\/wp\/v2\/pages\/82\/revisions"}],"wp:attachment":[{"href":"https:\/\/controlprocessionaria.cat\/es\/wp-json\/wp\/v2\/media?parent=82"}],"curies":[{"name":"wp","href":"https:\/\/api.w.org\/{rel}","templated":true}]}}