{"id":77,"date":"2023-07-09T22:53:58","date_gmt":"2023-07-09T22:53:58","guid":{"rendered":"https:\/\/0402864a.markandleads.com\/?page_id=77"},"modified":"2025-08-27T10:30:20","modified_gmt":"2025-08-27T08:30:20","slug":"aviso-legal","status":"publish","type":"page","link":"https:\/\/controlprocessionaria.cat\/es\/aviso-legal\/","title":{"rendered":"Declaraci\u00f3n de accesibilidad"},"content":{"rendered":"<div data-elementor-type=\"wp-page\" data-elementor-id=\"77\" class=\"elementor elementor-77\" data-elementor-post-type=\"page\">\n\t\t\t\t\t\t<section class=\"elementor-section elementor-top-section elementor-element elementor-element-0090af1 elementor-section-boxed elementor-section-height-default elementor-section-height-default\" data-id=\"0090af1\" data-element_type=\"section\">\n\t\t\t\t\t\t<div class=\"elementor-container elementor-column-gap-default\">\n\t\t\t\t\t<div class=\"elementor-column elementor-col-100 elementor-top-column elementor-element elementor-element-25534f9\" data-id=\"25534f9\" data-element_type=\"column\">\n\t\t\t<div class=\"elementor-widget-wrap elementor-element-populated\">\n\t\t\t\t\t\t<div class=\"elementor-element elementor-element-89cefb0 elementor-widget elementor-widget-text-editor\" data-id=\"89cefb0\" data-element_type=\"widget\" data-widget_type=\"text-editor.default\">\n\t\t\t\t<div class=\"elementor-widget-container\">\n\t\t\t\t\t\t\t\t\t<p data-start=\"136\" data-end=\"394\"><strong data-start=\"136\" data-end=\"151\">DGTIC SCP<\/strong> se ha comprometido a hacer accesible su sitio web <strong data-start=\"200\" data-end=\"233\"><a class=\"decorated-link\" href=\"https:\/\/controlprocessionaria.cat\/es\/\" target=\"_new\" rel=\"noopener\" data-start=\"202\" data-end=\"231\">www.controlprocessionaria.cat<\/a><\/strong>, de conformidad con el Real decreto 1112\/2018, de 7 de septiembre, sobre accesibilidad de los sitios web y aplicaciones para dispositivos m\u00f3viles del sector p\u00fablico.<\/p><hr data-start=\"396\" data-end=\"399\" \/><h2 data-start=\"401\" data-end=\"428\">Situaci\u00f3n de cumplimiento<\/h2><p data-start=\"429\" data-end=\"589\">Este sitio web es <strong data-start=\"448\" data-end=\"472\">parcialmente conforme<\/strong> con el Real decreto 1112\/2018, debido a la carencia de conformidad en algunos aspectos que se indican a continuaci\u00f3n.<\/p><hr data-start=\"591\" data-end=\"594\" \/><h2 data-start=\"596\" data-end=\"624\">Contenido no accesible<\/h2><p data-start=\"625\" data-end=\"706\">El contenido que se recoge a continuaci\u00f3n no es accesible por los siguientes motivos:<\/p><ul data-start=\"708\" data-end=\"977\"><li data-start=\"708\" data-end=\"774\"><p data-start=\"710\" data-end=\"774\">Podr\u00edan existir errores puntuales de edici\u00f3n en alguna p\u00e1gina web.<\/p><\/li><li data-start=\"775\" data-end=\"893\"><p data-start=\"777\" data-end=\"893\">Determinados documentos en PDF u otros formatos ofim\u00e1ticos pueden no cumplir por completo los requisitos de accesibilidad.<\/p><\/li><li data-start=\"894\" data-end=\"977\"><p data-start=\"896\" data-end=\"977\">Puede haber elementos multimedia sin subtitulaci\u00f3n o audiodescripci\u00f3n completa.<\/p><\/li><\/ul><hr data-start=\"979\" data-end=\"982\" \/><h2 data-start=\"984\" data-end=\"1041\">Preparaci\u00f3n de la presente declaraci\u00f3n de accesibilidad<\/h2><p data-start=\"1042\" data-end=\"1213\">La presente declaraci\u00f3n fue preparada el <strong data-start=\"1084\" data-end=\"1106\">27 de agosto de 2025<\/strong>.<br data-start=\"1107\" data-end=\"1110\" \/>El m\u00e9todo empleado para la declaraci\u00f3n ha sido una <strong data-start=\"1160\" data-end=\"1177\">autoevaluaci\u00f3n<\/strong> realizada por la propia entidad.<\/p><p data-start=\"1215\" data-end=\"1292\">La \u00faltima revisi\u00f3n de la declaraci\u00f3n se ha realizado el <strong data-start=\"1267\" data-end=\"1289\">27 de agosto de 2025<\/strong>.<\/p><hr data-start=\"1294\" data-end=\"1297\" \/><h2 data-start=\"1299\" data-end=\"1336\">Observaciones y datos de contacto<\/h2><p data-start=\"1337\" data-end=\"1464\">Si encuentra barreras de accesibilidad en este sitio web o desea realizar cualquier consulta o sugerencia, puede hacerlo a trav\u00e9s de:<\/p><ul data-start=\"1466\" data-end=\"1643\"><li data-start=\"1466\" data-end=\"1523\"><p data-start=\"1468\" data-end=\"1523\"><strong data-start=\"1468\" data-end=\"1490\">Correo electr\u00f3nico:<\/strong> <a class=\"decorated-link cursor-pointer\" rel=\"noopener\" data-start=\"1491\" data-end=\"1521\">info@controlprocessionaria.cat<\/a><\/p><\/li><li data-start=\"1524\" data-end=\"1552\"><p data-start=\"1526\" data-end=\"1552\"><strong data-start=\"1526\" data-end=\"1538\">Tel\u00e9fono:<\/strong> 619 567 708<\/p><\/li><li data-start=\"1553\" data-end=\"1643\"><p data-start=\"1555\" data-end=\"1643\"><strong data-start=\"1555\" data-end=\"1573\">Direcci\u00f3n postal:<\/strong> \u00c1ngel Guimer\u00e0 4, Local \u2013 08459 San Antonio de Vilamajor (Barcelona)<\/p><\/li><\/ul><hr data-start=\"1645\" data-end=\"1648\" \/><h2 data-start=\"1650\" data-end=\"1678\">Procedimiento de aplicaci\u00f3n<\/h2><p data-start=\"1679\" data-end=\"1972\">Si una vez realizada una solicitud de informaci\u00f3n accesible o queja, \u00e9sta fuera desestimada, no estuviera de acuerdo con la decisi\u00f3n adoptada o la respuesta no cumpliera con los requisitos establecidos en el art\u00edculo 12.5 del Real Decreto 1112\/2018, el interesado podr\u00e1 iniciar una reclamaci\u00f3n.<\/p><p data-start=\"1974\" data-end=\"2179\">La reclamaci\u00f3n se podr\u00e1 presentar ante el <strong data-start=\"2017\" data-end=\"2039\">Defensor del Pueblo<\/strong> oa trav\u00e9s de la sede electr\u00f3nica del<strong data-start=\"2078\" data-end=\"2128\">Agencia Espa\u00f1ola de Protecci\u00f3n de Datos (AEPD)<\/strong>, as\u00ed como en cualquier otra instancia competente.<\/p><hr data-start=\"2181\" data-end=\"2184\" \/><h2 data-start=\"2186\" data-end=\"2209\">Contenido opcional<\/h2><p data-start=\"2210\" data-end=\"2396\">Este sitio web est\u00e1 dise\u00f1ado para su correcta visualizaci\u00f3n en navegadores est\u00e1ndar y en dispositivos m\u00f3viles. Se han aplicado medidas t\u00e9cnicas para mejorar la accesibilidad, tales como:<\/p><ul data-start=\"2398\" data-end=\"2659\"><li data-start=\"2398\" data-end=\"2484\"><p data-start=\"2400\" data-end=\"2484\">Estructura sem\u00e1ntica del HTML para facilitar la navegaci\u00f3n con lectores de pantalla.<\/p><\/li><li data-start=\"2485\" data-end=\"2528\"><p data-start=\"2487\" data-end=\"2528\">Uso de textos alternativos en las im\u00e1genes.<\/p><\/li><li data-start=\"2529\" data-end=\"2597\"><p data-start=\"2531\" data-end=\"2597\">Contraste adecuado entre texto y fondos para garantizar la legibilidad.<\/p><\/li><li data-start=\"2598\" data-end=\"2659\"><p data-start=\"2600\" data-end=\"2659\">Navegaci\u00f3n mediante teclado en la mayor\u00eda de los contenidos.<\/p><\/li><\/ul>\t\t\t\t\t\t\t\t<\/div>\n\t\t\t\t<\/div>\n\t\t\t\t\t<\/div>\n\t\t<\/div>\n\t\t\t\t\t<\/div>\n\t\t<\/section>\n\t\t\t\t<section class=\"elementor-section elementor-top-section elementor-element elementor-element-d219ccf elementor-section-boxed elementor-section-height-default elementor-section-height-default\" data-id=\"d219ccf\" data-element_type=\"section\">\n\t\t\t\t\t\t<div class=\"elementor-container elementor-column-gap-default\">\n\t\t\t\t\t<div class=\"elementor-column elementor-col-100 elementor-top-column elementor-element elementor-element-9b1ad9f\" data-id=\"9b1ad9f\" data-element_type=\"column\">\n\t\t\t<div class=\"elementor-widget-wrap elementor-element-populated\">\n\t\t\t\t\t\t<div class=\"elementor-element elementor-element-5f98691 elementor-widget elementor-widget-spacer\" data-id=\"5f98691\" data-element_type=\"widget\" data-widget_type=\"spacer.default\">\n\t\t\t\t<div class=\"elementor-widget-container\">\n\t\t\t\t\t\t\t<div class=\"elementor-spacer\">\n\t\t\t<div class=\"elementor-spacer-inner\"><\/div>\n\t\t<\/div>\n\t\t\t\t\t\t<\/div>\n\t\t\t\t<\/div>\n\t\t\t\t\t<\/div>\n\t\t<\/div>\n\t\t\t\t\t<\/div>\n\t\t<\/section>\n\t\t\t\t<\/div>","protected":false},"excerpt":{"rendered":"<p>DGTIC SCP se ha comprometido a hacer accesible su sitio web www.controlprocessionaria.cat, de conformidad con el Real decreto 1112\/2018, de 7 de septiembre, sobre accesibilidad de los sitios web y aplicaciones para dispositivos m\u00f3viles del sector p\u00fablico. Situaci\u00f3n de cumplimiento Este sitio web es parcialmente conforme con el Real decreto 1112\/2018, debido a la [\u2026]<\/p>","protected":false},"author":1,"featured_media":0,"parent":0,"menu_order":0,"comment_status":"closed","ping_status":"closed","template":"","meta":{"footnotes":""},"class_list":["post-77","page","type-page","status-publish","hentry"],"yoast_head":"<!-- This site is optimized with the Yoast SEO Premium plugin v25.7.1 (Yoast SEO v25.8) - https:\/\/yoast.com\/wordpress\/plugins\/seo\/ -->\n<title>Declaraci\u00f3n d&#039;accesibilitat - Control Processionaria<\/title>\n<meta name=\"robots\" content=\"noindex, follow\" \/>\n<meta property=\"og:locale\" content=\"es_ES\" \/>\n<meta property=\"og:type\" content=\"article\" \/>\n<meta property=\"og:title\" content=\"Declaraci\u00f3n d&#039;accesibilitat\" \/>\n<meta property=\"og:description\" content=\"DGTIC S.C.P s\u2019ha comprom\u00e8s a fer accessible el seu lloc web www.controlprocessionaria.cat, de conformitat amb el Reial decret 1112\/2018, de 7 de setembre, sobre accessibilitat dels llocs web i aplicacions per a dispositius m\u00f2bils del sector p\u00fablic. Situaci\u00f3 de compliment Aquest lloc web \u00e9s parcialment conforme amb el Reial decret 1112\/2018, a causa de la [&hellip;]\" \/>\n<meta property=\"og:url\" content=\"https:\/\/controlprocessionaria.cat\/es\/aviso-legal\/\" \/>\n<meta property=\"og:site_name\" content=\"Control Processionaria\" \/>\n<meta property=\"article:modified_time\" content=\"2025-08-27T08:30:20+00:00\" \/>\n<meta name=\"twitter:card\" content=\"summary_large_image\" \/>\n<meta name=\"twitter:label1\" content=\"Tiempo de lectura\" \/>\n\t<meta name=\"twitter:data1\" content=\"2 minutos\" \/>\n<script type=\"application\/ld+json\" class=\"yoast-schema-graph\">{\"@context\":\"https:\/\/schema.org\",\"@graph\":[{\"@type\":\"WebPage\",\"@id\":\"https:\/\/controlprocessionaria.cat\/aviso-legal\/\",\"url\":\"https:\/\/controlprocessionaria.cat\/aviso-legal\/\",\"name\":\"Declaraci\u00f3n d'accesibilitat - Control Processionaria\",\"isPartOf\":{\"@id\":\"https:\/\/controlprocessionaria.cat\/#website\"},\"datePublished\":\"2023-07-09T22:53:58+00:00\",\"dateModified\":\"2025-08-27T08:30:20+00:00\",\"breadcrumb\":{\"@id\":\"https:\/\/controlprocessionaria.cat\/aviso-legal\/#breadcrumb\"},\"inLanguage\":\"es\",\"potentialAction\":[{\"@type\":\"ReadAction\",\"target\":[\"https:\/\/controlprocessionaria.cat\/aviso-legal\/\"]}]},{\"@type\":\"BreadcrumbList\",\"@id\":\"https:\/\/controlprocessionaria.cat\/aviso-legal\/#breadcrumb\",\"itemListElement\":[{\"@type\":\"ListItem\",\"position\":1,\"name\":\"Portada\",\"item\":\"https:\/\/controlprocessionaria.cat\/\"},{\"@type\":\"ListItem\",\"position\":2,\"name\":\"Declaraci\u00f3n d&#8217;accesibilitat\"}]},{\"@type\":\"WebSite\",\"@id\":\"https:\/\/controlprocessionaria.cat\/#website\",\"url\":\"https:\/\/controlprocessionaria.cat\/\",\"name\":\"Control Processionaria\",\"description\":\"\",\"potentialAction\":[{\"@type\":\"SearchAction\",\"target\":{\"@type\":\"EntryPoint\",\"urlTemplate\":\"https:\/\/controlprocessionaria.cat\/?s={search_term_string}\"},\"query-input\":{\"@type\":\"PropertyValueSpecification\",\"valueRequired\":true,\"valueName\":\"search_term_string\"}}],\"inLanguage\":\"es\"},{\"@type\":\"ImageObject\",\"inLanguage\":\"es\",\"@id\":\"https:\/\/controlprocessionaria.cat\/aviso-legal\/#local-main-organization-logo\",\"url\":\"\",\"contentUrl\":\"\",\"caption\":\"Control Processionaria\"}]}<\/script>\n<!-- \/ Yoast SEO Premium plugin. -->","yoast_head_json":{"title":"Declaraci\u00f3n de accesibilidad - Control Procesionaria","robots":{"index":"noindex","follow":"follow"},"og_locale":"es_ES","og_type":"article","og_title":"Declaraci\u00f3n d'accesibilitat","og_description":"DGTIC S.C.P s\u2019ha comprom\u00e8s a fer accessible el seu lloc web www.controlprocessionaria.cat, de conformitat amb el Reial decret 1112\/2018, de 7 de setembre, sobre accessibilitat dels llocs web i aplicacions per a dispositius m\u00f2bils del sector p\u00fablic. Situaci\u00f3 de compliment Aquest lloc web \u00e9s parcialment conforme amb el Reial decret 1112\/2018, a causa de la [&hellip;]","og_url":"https:\/\/controlprocessionaria.cat\/es\/aviso-legal\/","og_site_name":"Control Processionaria","article_modified_time":"2025-08-27T08:30:20+00:00","twitter_card":"summary_large_image","twitter_misc":{"Tiempo de lectura":"2 minutos"},"schema":{"@context":"https:\/\/schema.org","@graph":[{"@type":"WebPage","@id":"https:\/\/controlprocessionaria.cat\/aviso-legal\/","url":"https:\/\/controlprocessionaria.cat\/aviso-legal\/","name":"Declaraci\u00f3n de accesibilidad - Control Procesionaria","isPartOf":{"@id":"https:\/\/controlprocessionaria.cat\/#website"},"datePublished":"2023-07-09T22:53:58+00:00","dateModified":"2025-08-27T08:30:20+00:00","breadcrumb":{"@id":"https:\/\/controlprocessionaria.cat\/aviso-legal\/#breadcrumb"},"inLanguage":"es","potentialAction":[{"@type":"ReadAction","target":["https:\/\/controlprocessionaria.cat\/aviso-legal\/"]}]},{"@type":"BreadcrumbList","@id":"https:\/\/controlprocessionaria.cat\/aviso-legal\/#breadcrumb","itemListElement":[{"@type":"ListItem","position":1,"name":"Portada","item":"https:\/\/controlprocessionaria.cat\/"},{"@type":"ListItem","position":2,"name":"Declaraci\u00f3n d&#8217;accesibilitat"}]},{"@type":"WebSite","@id":"https:\/\/controlprocessionaria.cat\/#website","url":"https:\/\/controlprocessionaria.cat\/","name":"Control Procesionaria","description":"","potentialAction":[{"@type":"SearchAction","target":{"@type":"EntryPoint","urlTemplate":"https:\/\/controlprocessionaria.cat\/?s={search_term_string}"},"query-input":{"@type":"PropertyValueSpecification","valueRequired":true,"valueName":"search_term_string"}}],"inLanguage":"es"},{"@type":"ImageObject","inLanguage":"es","@id":"https:\/\/controlprocessionaria.cat\/aviso-legal\/#local-main-organization-logo","url":"","contentUrl":"","caption":"Control Processionaria"}]}},"_links":{"self":[{"href":"https:\/\/controlprocessionaria.cat\/es\/wp-json\/wp\/v2\/pages\/77","targetHints":{"allow":["GET"]}}],"collection":[{"href":"https:\/\/controlprocessionaria.cat\/es\/wp-json\/wp\/v2\/pages"}],"about":[{"href":"https:\/\/controlprocessionaria.cat\/es\/wp-json\/wp\/v2\/types\/page"}],"author":[{"embeddable":true,"href":"https:\/\/controlprocessionaria.cat\/es\/wp-json\/wp\/v2\/users\/1"}],"replies":[{"embeddable":true,"href":"https:\/\/controlprocessionaria.cat\/es\/wp-json\/wp\/v2\/comments?post=77"}],"version-history":[{"count":0,"href":"https:\/\/controlprocessionaria.cat\/es\/wp-json\/wp\/v2\/pages\/77\/revisions"}],"wp:attachment":[{"href":"https:\/\/controlprocessionaria.cat\/es\/wp-json\/wp\/v2\/media?parent=77"}],"curies":[{"name":"wp","href":"https:\/\/api.w.org\/{rel}","templated":true}]}}