{"id":725,"date":"2025-08-27T10:24:47","date_gmt":"2025-08-27T08:24:47","guid":{"rendered":"https:\/\/controlprocessionaria.cat\/?page_id=725"},"modified":"2025-08-27T10:32:30","modified_gmt":"2025-08-27T08:32:30","slug":"avis-legal","status":"publish","type":"page","link":"https:\/\/controlprocessionaria.cat\/es\/avis-legal\/","title":{"rendered":"Aviso legal"},"content":{"rendered":"<div data-elementor-type=\"wp-page\" data-elementor-id=\"725\" class=\"elementor elementor-725\" data-elementor-post-type=\"page\">\n\t\t\t\t\t\t<section class=\"elementor-section elementor-top-section elementor-element elementor-element-7829f16 elementor-section-boxed elementor-section-height-default elementor-section-height-default\" data-id=\"7829f16\" data-element_type=\"section\">\n\t\t\t\t\t\t<div class=\"elementor-container elementor-column-gap-default\">\n\t\t\t\t\t<div class=\"elementor-column elementor-col-100 elementor-top-column elementor-element elementor-element-cd0d703\" data-id=\"cd0d703\" data-element_type=\"column\">\n\t\t\t<div class=\"elementor-widget-wrap elementor-element-populated\">\n\t\t\t\t\t\t<div class=\"elementor-element elementor-element-d25cb3e elementor-widget elementor-widget-text-editor\" data-id=\"d25cb3e\" data-element_type=\"widget\" data-widget_type=\"text-editor.default\">\n\t\t\t\t<div class=\"elementor-widget-container\">\n\t\t\t\t\t\t\t\t\t<h2 data-start=\"101\" data-end=\"127\">1. Informaci\u00f3n general<\/h2><p data-start=\"128\" data-end=\"408\">En cumplimiento con el deber de informaci\u00f3n establecido en el art\u00edculo 10 de la Ley 34\/2002, de 11 de julio, de Servicios de la Sociedad de la Informaci\u00f3n y de Comercio Electr\u00f3nico, se informa que el sitio web <strong data-start=\"322\" data-end=\"355\"><a class=\"decorated-link\" href=\"https:\/\/controlprocessionaria.cat\/es\/\" target=\"_new\" rel=\"noopener\" data-start=\"324\" data-end=\"353\">www.controlprocessionaria.cat<\/a><\/strong> (en adelante, el \u201cSitio Web\u201d) es titularidad de:<\/p><ul data-start=\"410\" data-end=\"609\"><li data-start=\"410\" data-end=\"438\"><p data-start=\"412\" data-end=\"438\"><strong data-start=\"412\" data-end=\"424\">Titular:<\/strong> DGtic SCP<\/p><\/li><li data-start=\"439\" data-end=\"522\"><p data-start=\"441\" data-end=\"522\"><strong data-start=\"441\" data-end=\"452\">Direcci\u00f3n:<\/strong> \u00c1ngel Guimer\u00e0 4, Local \u2013 08459 San Antonio de Vilamajor (Barcelona)<\/p><\/li><li data-start=\"523\" data-end=\"551\"><p data-start=\"525\" data-end=\"551\"><strong data-start=\"525\" data-end=\"537\">Tel\u00e9fono:<\/strong> 619 567 708<\/p><\/li><li data-start=\"552\" data-end=\"609\"><p data-start=\"554\" data-end=\"609\"><strong data-start=\"554\" data-end=\"576\">Correo electr\u00f3nico:<\/strong> <a class=\"decorated-link cursor-pointer\" rel=\"noopener\" data-start=\"577\" data-end=\"607\">info@controlprocessionaria.cat<\/a><\/p><\/li><\/ul><hr data-start=\"611\" data-end=\"614\" \/><h2 data-start=\"616\" data-end=\"639\">2. Condiciones de uso<\/h2><p data-start=\"640\" data-end=\"831\">El acceso y utilizaci\u00f3n del Sitio Web atribuyen la condici\u00f3n de Usuario, lo que implica la aceptaci\u00f3n plena y sin reservas de todas las disposiciones incluidas en el presente Aviso Legal.<\/p><p data-start=\"833\" data-end=\"1124\">El Usuario se compromete a realizar un uso adecuado del Sitio Web y de sus contenidos, de conformidad con la legislaci\u00f3n aplicable, la buena fe y el orden p\u00fablico. Queda prohibido cualquier uso con fines il\u00edcitos o lesivos que pueda causar perjuicio o impedir el normal funcionamiento del Sitio Web.<\/p><hr data-start=\"1126\" data-end=\"1129\" \/><h2 data-start=\"1131\" data-end=\"1175\">3. Propiedad intelectual e industrial<\/h2><p data-start=\"1176\" data-end=\"1386\">Todos los contenidos del Sitio Web (textos, im\u00e1genes, logotipos, software, dise\u00f1o gr\u00e1fico o cualquier otro elemento susceptible de protecci\u00f3n) son propiedad de DGtic SCP o de terceros que han autorizado su uso.<\/p><p data-start=\"1388\" data-end=\"1619\">El Usuario se compromete a respetar los derechos de propiedad intelectual e industrial. Queda prohibida la reproducci\u00f3n, distribuci\u00f3n, comunicaci\u00f3n p\u00fablica o transformaci\u00f3n de estos contenidos sin autorizaci\u00f3n expresa del titular.<\/p><hr data-start=\"1621\" data-end=\"1624\" \/><h2 data-start=\"1626\" data-end=\"1649\">4. Responsabilidad<\/h2><p data-start=\"1650\" data-end=\"1836\">DGTIC SCP no se hace responsable de los da\u00f1os o perjuicios que pudieran derivarse del uso del Sitio Web ni de cualquier actuaci\u00f3n realizada en base a la informaci\u00f3n contenida en el mismo.<\/p><p data-start=\"1838\" data-end=\"2005\">Tampoco el titular garantiza la ausencia de virus u otros elementos que puedan producir alteraciones en los sistemas inform\u00e1ticos o en los documentos electr\u00f3nicos del Usuario.<\/p><hr data-start=\"2007\" data-end=\"2010\" \/><h2 data-start=\"2012\" data-end=\"2028\">5. Enlaces<\/h2><p data-start=\"2029\" data-end=\"2399\">El Sitio Web puede contener enlaces a sitios web de terceros. DGTIC SCP no asume ninguna responsabilidad sobre el contenido, informaciones o servicios que puedan aparecer en estos sitios, los cuales tendr\u00e1n exclusivamente car\u00e1cter informativo y no implican en ning\u00fan caso ninguna relaci\u00f3n, aprobaci\u00f3n o apoyo entre DGTIC SCP y las personas o entidades titulares de estos contenidos.<\/p><hr data-start=\"2401\" data-end=\"2404\" \/><h2 data-start=\"2406\" data-end=\"2434\">6. Legislaci\u00f3n aplicable<\/h2><p data-start=\"2435\" data-end=\"2542\">El presente Aviso Legal se rige en todos sus extremos por la legislaci\u00f3n espa\u00f1ola y europea aplicable.<\/p><p data-start=\"2544\" data-end=\"2801\">Para cualquier controversia que pudiera derivarse del acceso o uso del Sitio Web, las partes se someten a los Juzgados y Tribunales de <strong data-start=\"2674\" data-end=\"2700\">Granollers (Barcelona)<\/strong>, salvo que la normativa de protecci\u00f3n de consumidores y usuarios establezca otro fuero aplicable.<\/p>\t\t\t\t\t\t\t\t<\/div>\n\t\t\t\t<\/div>\n\t\t\t\t\t<\/div>\n\t\t<\/div>\n\t\t\t\t\t<\/div>\n\t\t<\/section>\n\t\t\t\t<section class=\"elementor-section elementor-top-section elementor-element elementor-element-da68113 elementor-section-boxed elementor-section-height-default elementor-section-height-default\" data-id=\"da68113\" data-element_type=\"section\">\n\t\t\t\t\t\t<div class=\"elementor-container elementor-column-gap-default\">\n\t\t\t\t\t<div class=\"elementor-column elementor-col-100 elementor-top-column elementor-element elementor-element-bf3dd5b\" data-id=\"bf3dd5b\" data-element_type=\"column\">\n\t\t\t<div class=\"elementor-widget-wrap elementor-element-populated\">\n\t\t\t\t\t\t<div class=\"elementor-element elementor-element-ab64d80 elementor-widget elementor-widget-spacer\" data-id=\"ab64d80\" data-element_type=\"widget\" data-widget_type=\"spacer.default\">\n\t\t\t\t<div class=\"elementor-widget-container\">\n\t\t\t\t\t\t\t<div class=\"elementor-spacer\">\n\t\t\t<div class=\"elementor-spacer-inner\"><\/div>\n\t\t<\/div>\n\t\t\t\t\t\t<\/div>\n\t\t\t\t<\/div>\n\t\t\t\t\t<\/div>\n\t\t<\/div>\n\t\t\t\t\t<\/div>\n\t\t<\/section>\n\t\t\t\t<\/div>","protected":false},"excerpt":{"rendered":"<p>1. Informaci\u00f3n general En cumplimiento con el deber de informaci\u00f3n establecido en el art\u00edculo 10 de la Ley 34\/2002, de 11 de julio, de Servicios de la Sociedad de la Informaci\u00f3n y de Comercio Electr\u00f3nico, se informa que el sitio web www.controlprocessionaria.cat (en adelante, el \u201cSitio Web\u201d) es titularidad de:<\/p>","protected":false},"author":6,"featured_media":0,"parent":0,"menu_order":0,"comment_status":"closed","ping_status":"closed","template":"","meta":{"footnotes":""},"class_list":["post-725","page","type-page","status-publish","hentry"],"yoast_head":"<!-- This site is optimized with the Yoast SEO Premium plugin v25.7.1 (Yoast SEO v25.8) - https:\/\/yoast.com\/wordpress\/plugins\/seo\/ -->\n<title>Av\u00eds legal - Control Processionaria<\/title>\n<meta name=\"robots\" content=\"noindex, follow\" \/>\n<meta property=\"og:locale\" content=\"es_ES\" \/>\n<meta property=\"og:type\" content=\"article\" \/>\n<meta property=\"og:title\" content=\"Av\u00eds legal\" \/>\n<meta property=\"og:description\" content=\"1. Informaci\u00f3 general En compliment amb el deure d\u2019informaci\u00f3 establert a l\u2019article 10 de la Llei 34\/2002, d\u201911 de juliol, de Serveis de la Societat de la Informaci\u00f3 i de Comer\u00e7 Electr\u00f2nic, s\u2019informa que el lloc web www.controlprocessionaria.cat (d\u2019ara endavant, el \u201cLloc Web\u201d) \u00e9s titularitat de: Titular: DGtic S.C.P Adre\u00e7a: \u00c1ngel Guimer\u00e0 4, Local \u2013 [&hellip;]\" \/>\n<meta property=\"og:url\" content=\"https:\/\/controlprocessionaria.cat\/es\/avis-legal\/\" \/>\n<meta property=\"og:site_name\" content=\"Control Processionaria\" \/>\n<meta property=\"article:modified_time\" content=\"2025-08-27T08:32:30+00:00\" \/>\n<meta name=\"twitter:card\" content=\"summary_large_image\" \/>\n<meta name=\"twitter:label1\" content=\"Tiempo de lectura\" \/>\n\t<meta name=\"twitter:data1\" content=\"2 minutos\" \/>\n<script type=\"application\/ld+json\" class=\"yoast-schema-graph\">{\"@context\":\"https:\/\/schema.org\",\"@graph\":[{\"@type\":\"WebPage\",\"@id\":\"https:\/\/controlprocessionaria.cat\/avis-legal\/\",\"url\":\"https:\/\/controlprocessionaria.cat\/avis-legal\/\",\"name\":\"Av\u00eds legal - Control Processionaria\",\"isPartOf\":{\"@id\":\"https:\/\/controlprocessionaria.cat\/#website\"},\"datePublished\":\"2025-08-27T08:24:47+00:00\",\"dateModified\":\"2025-08-27T08:32:30+00:00\",\"breadcrumb\":{\"@id\":\"https:\/\/controlprocessionaria.cat\/avis-legal\/#breadcrumb\"},\"inLanguage\":\"es\",\"potentialAction\":[{\"@type\":\"ReadAction\",\"target\":[\"https:\/\/controlprocessionaria.cat\/avis-legal\/\"]}]},{\"@type\":\"BreadcrumbList\",\"@id\":\"https:\/\/controlprocessionaria.cat\/avis-legal\/#breadcrumb\",\"itemListElement\":[{\"@type\":\"ListItem\",\"position\":1,\"name\":\"Portada\",\"item\":\"https:\/\/controlprocessionaria.cat\/\"},{\"@type\":\"ListItem\",\"position\":2,\"name\":\"Av\u00eds legal\"}]},{\"@type\":\"WebSite\",\"@id\":\"https:\/\/controlprocessionaria.cat\/#website\",\"url\":\"https:\/\/controlprocessionaria.cat\/\",\"name\":\"Control Processionaria\",\"description\":\"\",\"potentialAction\":[{\"@type\":\"SearchAction\",\"target\":{\"@type\":\"EntryPoint\",\"urlTemplate\":\"https:\/\/controlprocessionaria.cat\/?s={search_term_string}\"},\"query-input\":{\"@type\":\"PropertyValueSpecification\",\"valueRequired\":true,\"valueName\":\"search_term_string\"}}],\"inLanguage\":\"es\"},{\"@type\":\"ImageObject\",\"inLanguage\":\"es\",\"@id\":\"https:\/\/controlprocessionaria.cat\/avis-legal\/#local-main-organization-logo\",\"url\":\"\",\"contentUrl\":\"\",\"caption\":\"Control Processionaria\"}]}<\/script>\n<!-- \/ Yoast SEO Premium plugin. -->","yoast_head_json":{"title":"Aviso legal - Control Procesionaria","robots":{"index":"noindex","follow":"follow"},"og_locale":"es_ES","og_type":"article","og_title":"Av\u00eds legal","og_description":"1. Informaci\u00f3 general En compliment amb el deure d\u2019informaci\u00f3 establert a l\u2019article 10 de la Llei 34\/2002, d\u201911 de juliol, de Serveis de la Societat de la Informaci\u00f3 i de Comer\u00e7 Electr\u00f2nic, s\u2019informa que el lloc web www.controlprocessionaria.cat (d\u2019ara endavant, el \u201cLloc Web\u201d) \u00e9s titularitat de: Titular: DGtic S.C.P Adre\u00e7a: \u00c1ngel Guimer\u00e0 4, Local \u2013 [&hellip;]","og_url":"https:\/\/controlprocessionaria.cat\/es\/avis-legal\/","og_site_name":"Control Processionaria","article_modified_time":"2025-08-27T08:32:30+00:00","twitter_card":"summary_large_image","twitter_misc":{"Tiempo de lectura":"2 minutos"},"schema":{"@context":"https:\/\/schema.org","@graph":[{"@type":"WebPage","@id":"https:\/\/controlprocessionaria.cat\/avis-legal\/","url":"https:\/\/controlprocessionaria.cat\/avis-legal\/","name":"Aviso legal - Control Procesionaria","isPartOf":{"@id":"https:\/\/controlprocessionaria.cat\/#website"},"datePublished":"2025-08-27T08:24:47+00:00","dateModified":"2025-08-27T08:32:30+00:00","breadcrumb":{"@id":"https:\/\/controlprocessionaria.cat\/avis-legal\/#breadcrumb"},"inLanguage":"es","potentialAction":[{"@type":"ReadAction","target":["https:\/\/controlprocessionaria.cat\/avis-legal\/"]}]},{"@type":"BreadcrumbList","@id":"https:\/\/controlprocessionaria.cat\/avis-legal\/#breadcrumb","itemListElement":[{"@type":"ListItem","position":1,"name":"Portada","item":"https:\/\/controlprocessionaria.cat\/"},{"@type":"ListItem","position":2,"name":"Av\u00eds legal"}]},{"@type":"WebSite","@id":"https:\/\/controlprocessionaria.cat\/#website","url":"https:\/\/controlprocessionaria.cat\/","name":"Control Procesionaria","description":"","potentialAction":[{"@type":"SearchAction","target":{"@type":"EntryPoint","urlTemplate":"https:\/\/controlprocessionaria.cat\/?s={search_term_string}"},"query-input":{"@type":"PropertyValueSpecification","valueRequired":true,"valueName":"search_term_string"}}],"inLanguage":"es"},{"@type":"ImageObject","inLanguage":"es","@id":"https:\/\/controlprocessionaria.cat\/avis-legal\/#local-main-organization-logo","url":"","contentUrl":"","caption":"Control Processionaria"}]}},"_links":{"self":[{"href":"https:\/\/controlprocessionaria.cat\/es\/wp-json\/wp\/v2\/pages\/725","targetHints":{"allow":["GET"]}}],"collection":[{"href":"https:\/\/controlprocessionaria.cat\/es\/wp-json\/wp\/v2\/pages"}],"about":[{"href":"https:\/\/controlprocessionaria.cat\/es\/wp-json\/wp\/v2\/types\/page"}],"author":[{"embeddable":true,"href":"https:\/\/controlprocessionaria.cat\/es\/wp-json\/wp\/v2\/users\/6"}],"replies":[{"embeddable":true,"href":"https:\/\/controlprocessionaria.cat\/es\/wp-json\/wp\/v2\/comments?post=725"}],"version-history":[{"count":0,"href":"https:\/\/controlprocessionaria.cat\/es\/wp-json\/wp\/v2\/pages\/725\/revisions"}],"wp:attachment":[{"href":"https:\/\/controlprocessionaria.cat\/es\/wp-json\/wp\/v2\/media?parent=725"}],"curies":[{"name":"wp","href":"https:\/\/api.w.org\/{rel}","templated":true}]}}