{"id":107,"date":"2023-07-19T01:02:12","date_gmt":"2023-07-18T23:02:12","guid":{"rendered":"https:\/\/0402864a.markandleads.com\/?page_id=107"},"modified":"2025-08-26T13:42:31","modified_gmt":"2025-08-26T11:42:31","slug":"servicios","status":"publish","type":"page","link":"https:\/\/controlprocessionaria.cat\/es\/servicios\/","title":{"rendered":"Servicios"},"content":{"rendered":"<div data-elementor-type=\"wp-page\" data-elementor-id=\"107\" class=\"elementor elementor-107\" data-elementor-post-type=\"page\">\n\t\t\t\t\t\t<section class=\"elementor-section elementor-top-section elementor-element elementor-element-38f29bf6 elementor-section-boxed elementor-section-height-default elementor-section-height-default\" data-id=\"38f29bf6\" data-element_type=\"section\" data-settings=\"{&quot;background_background&quot;:&quot;classic&quot;}\">\n\t\t\t\t\t\t\t<div class=\"elementor-background-overlay\"><\/div>\n\t\t\t\t\t\t\t<div class=\"elementor-container elementor-column-gap-default\">\n\t\t\t\t\t<div class=\"elementor-column elementor-col-100 elementor-top-column elementor-element elementor-element-40592cad\" data-id=\"40592cad\" data-element_type=\"column\">\n\t\t\t<div class=\"elementor-widget-wrap elementor-element-populated\">\n\t\t\t\t\t\t<div class=\"elementor-element elementor-element-4a0d4818 elementor-widget elementor-widget-heading\" data-id=\"4a0d4818\" data-element_type=\"widget\" data-widget_type=\"heading.default\">\n\t\t\t\t<div class=\"elementor-widget-container\">\n\t\t\t\t\t<h1 class=\"elementor-heading-title elementor-size-default\">Servicios<\/h1>\t\t\t\t<\/div>\n\t\t\t\t<\/div>\n\t\t\t\t<div class=\"elementor-element elementor-element-b7bdf9e elementor-widget__width-auto elementor-widget elementor-widget-text-editor\" data-id=\"b7bdf9e\" data-element_type=\"widget\" data-widget_type=\"text-editor.default\">\n\t\t\t\t<div class=\"elementor-widget-container\">\n\t\t\t\t\t\t\t\t\t<p>Inicio \/<\/p>\t\t\t\t\t\t\t\t<\/div>\n\t\t\t\t<\/div>\n\t\t\t\t<div class=\"elementor-element elementor-element-f4bcad7 elementor-widget__width-auto elementor-widget elementor-widget-text-editor\" data-id=\"f4bcad7\" data-element_type=\"widget\" data-widget_type=\"text-editor.default\">\n\t\t\t\t<div class=\"elementor-widget-container\">\n\t\t\t\t\t\t\t\t\tServicios\t\t\t\t\t\t\t\t<\/div>\n\t\t\t\t<\/div>\n\t\t\t\t\t<\/div>\n\t\t<\/div>\n\t\t\t\t\t<\/div>\n\t\t<\/section>\n\t\t\t\t<section class=\"elementor-section elementor-top-section elementor-element elementor-element-7f03ceb elementor-section-boxed elementor-section-height-default elementor-section-height-default\" data-id=\"7f03ceb\" data-element_type=\"section\">\n\t\t\t\t\t\t<div class=\"elementor-container elementor-column-gap-default\">\n\t\t\t\t\t<div class=\"elementor-column elementor-col-100 elementor-top-column elementor-element elementor-element-e083a10\" data-id=\"e083a10\" data-element_type=\"column\">\n\t\t\t<div class=\"elementor-widget-wrap elementor-element-populated\">\n\t\t\t\t\t\t<div class=\"elementor-element elementor-element-c56512a elementor-widget elementor-widget-heading\" data-id=\"c56512a\" data-element_type=\"widget\" data-widget_type=\"heading.default\">\n\t\t\t\t<div class=\"elementor-widget-container\">\n\t\t\t\t\t<h2 class=\"elementor-heading-title elementor-size-default\">Nuestros Servicios<\/h2>\t\t\t\t<\/div>\n\t\t\t\t<\/div>\n\t\t\t\t<div class=\"elementor-element elementor-element-87d4604 elementor-widget elementor-widget-text-editor\" data-id=\"87d4604\" data-element_type=\"widget\" data-widget_type=\"text-editor.default\">\n\t\t\t\t<div class=\"elementor-widget-container\">\n\t\t\t\t\t\t\t\t\t<p data-pm-slice=\"1 1 []\">Ofrecemos nuestros servicios en jardines, parques, bosques y zonas urbanas, adaptando nuestras t\u00e9cnicas seg\u00fan las necesidades del entorno.<\/p>\t\t\t\t\t\t\t\t<\/div>\n\t\t\t\t<\/div>\n\t\t\t\t<section class=\"elementor-section elementor-inner-section elementor-element elementor-element-6189073 elementor-section-boxed elementor-section-height-default elementor-section-height-default\" data-id=\"6189073\" data-element_type=\"section\">\n\t\t\t\t\t\t<div class=\"elementor-container elementor-column-gap-no\">\n\t\t\t\t\t<div class=\"elementor-column elementor-col-25 elementor-inner-column elementor-element elementor-element-6ff97d7\" data-id=\"6ff97d7\" data-element_type=\"column\">\n\t\t\t<div class=\"elementor-widget-wrap elementor-element-populated\">\n\t\t\t\t\t\t<div class=\"elementor-element elementor-element-6f058ed jkit-equal-height-disable elementor-widget elementor-widget-jkit_image_box\" data-id=\"6f058ed\" data-element_type=\"widget\" data-widget_type=\"jkit_image_box.default\">\n\t\t\t\t<div class=\"elementor-widget-container\">\n\t\t\t\t\t<div  class=\"jeg-elementor-kit jkit-image-box style-default elementor-animation- jeg_module___69f08e6de6032\" ><div class=\"image-box-header elementor-animation-\"><img fetchpriority=\"high\" decoding=\"async\" width=\"1280\" height=\"960\" src=\"https:\/\/controlprocessionaria.cat\/wp-content\/uploads\/2025\/08\/Procesionaria_1.jpg\" class=\"attachment-full size-full\" alt=\"\" url=\"https:\/\/controlprocessionaria.cat\/wp-content\/uploads\/2025\/08\/Procesionaria_1.jpg\" source=\"library\" srcset=\"https:\/\/controlprocessionaria.cat\/wp-content\/uploads\/2025\/08\/Procesionaria_1.jpg 1280w, https:\/\/controlprocessionaria.cat\/wp-content\/uploads\/2025\/08\/Procesionaria_1-300x225.jpg 300w, https:\/\/controlprocessionaria.cat\/wp-content\/uploads\/2025\/08\/Procesionaria_1-1024x768.jpg 1024w, https:\/\/controlprocessionaria.cat\/wp-content\/uploads\/2025\/08\/Procesionaria_1-768x576.jpg 768w\" sizes=\"(max-width: 1280px) 100vw, 1280px\" \/><\/div><div class=\"image-box-body\">\n            <div class=\"body-inner\"><h2 class=\"body-title icon-position-before\">Diagn\u00f3stico y evaluaci\u00f3n<\/h2>\n                <div class=\"body-description\"><p data-pm-slice=\"1 1 [&quot;list&quot;,{&quot;spread&quot;:false,&quot;start&quot;:672,&quot;end&quot;:1067},&quot;regular_list_item&quot;,{&quot;start&quot;:672,&quot;end&quot;:777}]\">Inspecci\u00f3n detallada para determinar la presencia y gravedad de la plaga.<\/p><\/div>\n                <div class=\"body-button\"><\/div>\n                \n            <\/div>\n        <\/div><\/div>\t\t\t\t<\/div>\n\t\t\t\t<\/div>\n\t\t\t\t\t<\/div>\n\t\t<\/div>\n\t\t\t\t<div class=\"elementor-column elementor-col-25 elementor-inner-column elementor-element elementor-element-ec9a83d\" data-id=\"ec9a83d\" data-element_type=\"column\">\n\t\t\t<div class=\"elementor-widget-wrap elementor-element-populated\">\n\t\t\t\t\t\t<div class=\"elementor-element elementor-element-d956f5b jkit-equal-height-disable elementor-widget elementor-widget-jkit_image_box\" data-id=\"d956f5b\" data-element_type=\"widget\" data-widget_type=\"jkit_image_box.default\">\n\t\t\t\t<div class=\"elementor-widget-container\">\n\t\t\t\t\t<div  class=\"jeg-elementor-kit jkit-image-box style-default elementor-animation- jeg_module__1_69f08e6de692b\" ><div class=\"image-box-header elementor-animation-\"><img decoding=\"async\" width=\"1024\" height=\"842\" src=\"https:\/\/controlprocessionaria.cat\/wp-content\/uploads\/2025\/08\/trampa_processionaria.jpg\" class=\"attachment-full size-full\" alt=\"\" url=\"https:\/\/controlprocessionaria.cat\/wp-content\/uploads\/2025\/08\/trampa_processionaria.jpg\" source=\"library\" srcset=\"https:\/\/controlprocessionaria.cat\/wp-content\/uploads\/2025\/08\/trampa_processionaria.jpg 1024w, https:\/\/controlprocessionaria.cat\/wp-content\/uploads\/2025\/08\/trampa_processionaria-300x247.jpg 300w, https:\/\/controlprocessionaria.cat\/wp-content\/uploads\/2025\/08\/trampa_processionaria-768x632.jpg 768w\" sizes=\"(max-width: 1024px) 100vw, 1024px\" \/><\/div><div class=\"image-box-body\">\n            <div class=\"body-inner\"><h2 class=\"body-title icon-position-before\">Control biol\u00f3gico<\/h2>\n                <div class=\"body-description\"><p data-pm-slice=\"1 1 [&quot;list&quot;,{&quot;spread&quot;:false,&quot;start&quot;:672,&quot;end&quot;:1067},&quot;regular_list_item&quot;,{&quot;start&quot;:778,&quot;end&quot;:870}]\">Uso de soluciones naturales como trampas y depredadores biol\u00f3gicos.<\/p><\/div>\n                <div class=\"body-button\"><\/div>\n                \n            <\/div>\n        <\/div><\/div>\t\t\t\t<\/div>\n\t\t\t\t<\/div>\n\t\t\t\t\t<\/div>\n\t\t<\/div>\n\t\t\t\t<div class=\"elementor-column elementor-col-25 elementor-inner-column elementor-element elementor-element-4db9abc\" data-id=\"4db9abc\" data-element_type=\"column\">\n\t\t\t<div class=\"elementor-widget-wrap elementor-element-populated\">\n\t\t\t\t\t\t<div class=\"elementor-element elementor-element-bb3edeb jkit-equal-height-disable elementor-widget elementor-widget-jkit_image_box\" data-id=\"bb3edeb\" data-element_type=\"widget\" data-widget_type=\"jkit_image_box.default\">\n\t\t\t\t<div class=\"elementor-widget-container\">\n\t\t\t\t\t<div  class=\"jeg-elementor-kit jkit-image-box style-default elementor-animation- jeg_module__2_69f08e6de716f\" ><div class=\"image-box-header elementor-animation-\"><img decoding=\"async\" width=\"708\" height=\"398\" src=\"https:\/\/controlprocessionaria.cat\/wp-content\/uploads\/2025\/08\/endoterapia_procesionaria.jpg\" class=\"attachment-full size-full\" alt=\"\" url=\"https:\/\/controlprocessionaria.cat\/wp-content\/uploads\/2025\/08\/endoterapia_procesionaria.jpg\" source=\"library\" srcset=\"https:\/\/controlprocessionaria.cat\/wp-content\/uploads\/2025\/08\/endoterapia_procesionaria.jpg 708w, https:\/\/controlprocessionaria.cat\/wp-content\/uploads\/2025\/08\/endoterapia_procesionaria-300x169.jpg 300w\" sizes=\"(max-width: 708px) 100vw, 708px\" \/><\/div><div class=\"image-box-body\">\n            <div class=\"body-inner\"><h2 class=\"body-title icon-position-before\">Tratamientos preventivos<\/h2>\n                <div class=\"body-description\"><p data-pm-slice=\"1 1 [&quot;list&quot;,{&quot;spread&quot;:false,&quot;start&quot;:672,&quot;end&quot;:1067},&quot;regular_list_item&quot;,{&quot;start&quot;:871,&quot;end&quot;:987}]\">Productos fitosanitarios para evitar la aparici\u00f3n de la procesionaria.<\/p><\/div>\n                <div class=\"body-button\"><\/div>\n                \n            <\/div>\n        <\/div><\/div>\t\t\t\t<\/div>\n\t\t\t\t<\/div>\n\t\t\t\t\t<\/div>\n\t\t<\/div>\n\t\t\t\t<div class=\"elementor-column elementor-col-25 elementor-inner-column elementor-element elementor-element-66f7a67\" data-id=\"66f7a67\" data-element_type=\"column\">\n\t\t\t<div class=\"elementor-widget-wrap elementor-element-populated\">\n\t\t\t\t\t\t<div class=\"elementor-element elementor-element-3c9a8dd jkit-equal-height-disable elementor-widget elementor-widget-jkit_image_box\" data-id=\"3c9a8dd\" data-element_type=\"widget\" data-widget_type=\"jkit_image_box.default\">\n\t\t\t\t<div class=\"elementor-widget-container\">\n\t\t\t\t\t<div  class=\"jeg-elementor-kit jkit-image-box style-default elementor-animation- jeg_module__3_69f08e6de79ad\" ><div class=\"image-box-header elementor-animation-\"><img loading=\"lazy\" decoding=\"async\" width=\"696\" height=\"445\" src=\"https:\/\/controlprocessionaria.cat\/wp-content\/uploads\/2025\/08\/retirada_processionaria.jpg\" class=\"attachment-full size-full\" alt=\"\" url=\"https:\/\/controlprocessionaria.cat\/wp-content\/uploads\/2025\/08\/retirada_processionaria.jpg\" source=\"library\" srcset=\"https:\/\/controlprocessionaria.cat\/wp-content\/uploads\/2025\/08\/retirada_processionaria.jpg 696w, https:\/\/controlprocessionaria.cat\/wp-content\/uploads\/2025\/08\/retirada_processionaria-300x192.jpg 300w\" sizes=\"(max-width: 696px) 100vw, 696px\" \/><\/div><div class=\"image-box-body\">\n            <div class=\"body-inner\"><h2 class=\"body-title icon-position-before\">Retirada segura<\/h2>\n                <div class=\"body-description\"><p data-pm-slice=\"1 1 [&quot;list&quot;,{&quot;spread&quot;:false,&quot;start&quot;:672,&quot;end&quot;:1067},&quot;regular_list_item&quot;,{&quot;start&quot;:988,&quot;end&quot;:1067}]\">Eliminaci\u00f3n segura de nidos y orugas en \u00e1reas afectadas.<\/p><\/div>\n                <div class=\"body-button\"><\/div>\n                \n            <\/div>\n        <\/div><\/div>\t\t\t\t<\/div>\n\t\t\t\t<\/div>\n\t\t\t\t\t<\/div>\n\t\t<\/div>\n\t\t\t\t\t<\/div>\n\t\t<\/section>\n\t\t\t\t\t<\/div>\n\t\t<\/div>\n\t\t\t\t\t<\/div>\n\t\t<\/section>\n\t\t\t\t<section class=\"elementor-section elementor-top-section elementor-element elementor-element-fa86e8d elementor-section-content-middle elementor-section-boxed elementor-section-height-default elementor-section-height-default\" data-id=\"fa86e8d\" data-element_type=\"section\" data-settings=\"{&quot;background_background&quot;:&quot;classic&quot;}\">\n\t\t\t\t\t\t<div class=\"elementor-container elementor-column-gap-no\">\n\t\t\t\t\t<div class=\"elementor-column elementor-col-50 elementor-top-column elementor-element elementor-element-1510c96\" data-id=\"1510c96\" data-element_type=\"column\" data-settings=\"{&quot;background_background&quot;:&quot;classic&quot;}\">\n\t\t\t<div class=\"elementor-widget-wrap elementor-element-populated\">\n\t\t\t\t\t\t<div class=\"elementor-element elementor-element-ddfec86 elementor-widget elementor-widget-image\" data-id=\"ddfec86\" data-element_type=\"widget\" data-widget_type=\"image.default\">\n\t\t\t\t<div class=\"elementor-widget-container\">\n\t\t\t\t\t\t\t\t\t\t\t\t\t\t\t<img loading=\"lazy\" width=\"1200\" height=\"1600\" src=\"https:\/\/controlprocessionaria.cat\/wp-content\/uploads\/2025\/01\/tratamiento-orugas.webp\" class=\"attachment-full size-full wp-image-408\" alt=\"\" decoding=\"async\" srcset=\"https:\/\/controlprocessionaria.cat\/wp-content\/uploads\/2025\/01\/tratamiento-orugas.webp 1200w, https:\/\/controlprocessionaria.cat\/wp-content\/uploads\/2025\/01\/tratamiento-orugas-225x300.webp 225w, https:\/\/controlprocessionaria.cat\/wp-content\/uploads\/2025\/01\/tratamiento-orugas-768x1024.webp 768w, https:\/\/controlprocessionaria.cat\/wp-content\/uploads\/2025\/01\/tratamiento-orugas-1152x1536.webp 1152w\" sizes=\"(max-width: 1200px) 100vw, 1200px\" \/>\t\t\t\t\t\t\t\t\t\t\t\t\t\t\t<\/div>\n\t\t\t\t<\/div>\n\t\t\t\t\t<\/div>\n\t\t<\/div>\n\t\t\t\t<div class=\"elementor-column elementor-col-50 elementor-top-column elementor-element elementor-element-fab9946\" data-id=\"fab9946\" data-element_type=\"column\">\n\t\t\t<div class=\"elementor-widget-wrap elementor-element-populated\">\n\t\t\t\t\t\t<div class=\"elementor-element elementor-element-988f757 elementor-widget elementor-widget-text-editor\" data-id=\"988f757\" data-element_type=\"widget\" data-widget_type=\"text-editor.default\">\n\t\t\t\t<div class=\"elementor-widget-container\">\n\t\t\t\t\t\t\t\t\t<p>Porque elegirnos<\/p>\t\t\t\t\t\t\t\t<\/div>\n\t\t\t\t<\/div>\n\t\t\t\t<div class=\"elementor-element elementor-element-0b3c7cd elementor-widget elementor-widget-heading\" data-id=\"0b3c7cd\" data-element_type=\"widget\" data-widget_type=\"heading.default\">\n\t\t\t\t<div class=\"elementor-widget-container\">\n\t\t\t\t\t<h2 class=\"elementor-heading-title elementor-size-default\">Utilizamos la Endoterapia como m\u00e9todo principal <\/h2>\t\t\t\t<\/div>\n\t\t\t\t<\/div>\n\t\t\t\t<div class=\"elementor-element elementor-element-b3e5044 elementor-widget elementor-widget-text-editor\" data-id=\"b3e5044\" data-element_type=\"widget\" data-widget_type=\"text-editor.default\">\n\t\t\t\t<div class=\"elementor-widget-container\">\n\t\t\t\t\t\t\t\t\t<p>La endoterapia es una t\u00e9cnica avanzada y altamente efectiva para combatir la procesionaria del pasador. Consiste en la inyecci\u00f3n directa de productos fitosanitarios en el sistema vascular del \u00e1rbol, lo que permite tratarlo desde el interior. Este m\u00e9todo tiene m\u00faltiples ventajas, tanto para la salud del \u00e1rbol como para el medio ambiente.<\/p>\t\t\t\t\t\t\t\t<\/div>\n\t\t\t\t<\/div>\n\t\t\t\t<div class=\"elementor-element elementor-element-aef6582 elementor-widget elementor-widget-heading\" data-id=\"aef6582\" data-element_type=\"widget\" data-widget_type=\"heading.default\">\n\t\t\t\t<div class=\"elementor-widget-container\">\n\t\t\t\t\t<h2 class=\"elementor-heading-title elementor-size-default\">Ventajas de la Endoterapia<\/h2>\t\t\t\t<\/div>\n\t\t\t\t<\/div>\n\t\t\t\t<div class=\"elementor-element elementor-element-401092b elementor-icon-list--layout-traditional elementor-list-item-link-full_width elementor-widget elementor-widget-icon-list\" data-id=\"401092b\" data-element_type=\"widget\" data-widget_type=\"icon-list.default\">\n\t\t\t\t<div class=\"elementor-widget-container\">\n\t\t\t\t\t\t\t<ul class=\"elementor-icon-list-items\">\n\t\t\t\t\t\t\t<li class=\"elementor-icon-list-item\">\n\t\t\t\t\t\t\t\t\t\t\t<span class=\"elementor-icon-list-icon\">\n\t\t\t\t\t\t\t<i aria-hidden=\"true\" class=\"fas fa-check\"><\/i>\t\t\t\t\t\t<\/span>\n\t\t\t\t\t\t\t\t\t\t<span class=\"elementor-icon-list-text\">Precisi\u00f3n y Eficacia<\/span>\n\t\t\t\t\t\t\t\t\t<\/li>\n\t\t\t\t\t\t\t\t<li class=\"elementor-icon-list-item\">\n\t\t\t\t\t\t\t\t\t\t\t<span class=\"elementor-icon-list-icon\">\n\t\t\t\t\t\t\t<i aria-hidden=\"true\" class=\"fas fa-check\"><\/i>\t\t\t\t\t\t<\/span>\n\t\t\t\t\t\t\t\t\t\t<span class=\"elementor-icon-list-text\">Bajo Impacto Ambiental<\/span>\n\t\t\t\t\t\t\t\t\t<\/li>\n\t\t\t\t\t\t\t\t<li class=\"elementor-icon-list-item\">\n\t\t\t\t\t\t\t\t\t\t\t<span class=\"elementor-icon-list-icon\">\n\t\t\t\t\t\t\t<i aria-hidden=\"true\" class=\"fas fa-check\"><\/i>\t\t\t\t\t\t<\/span>\n\t\t\t\t\t\t\t\t\t\t<span class=\"elementor-icon-list-text\">Seguridad<\/span>\n\t\t\t\t\t\t\t\t\t<\/li>\n\t\t\t\t\t\t\t\t<li class=\"elementor-icon-list-item\">\n\t\t\t\t\t\t\t\t\t\t\t<span class=\"elementor-icon-list-icon\">\n\t\t\t\t\t\t\t<i aria-hidden=\"true\" class=\"fas fa-check\"><\/i>\t\t\t\t\t\t<\/span>\n\t\t\t\t\t\t\t\t\t\t<span class=\"elementor-icon-list-text\">Duraci\u00f3n Prolongada<\/span>\n\t\t\t\t\t\t\t\t\t<\/li>\n\t\t\t\t\t\t\t\t<li class=\"elementor-icon-list-item\">\n\t\t\t\t\t\t\t\t\t\t\t<span class=\"elementor-icon-list-icon\">\n\t\t\t\t\t\t\t<i aria-hidden=\"true\" class=\"fas fa-check\"><\/i>\t\t\t\t\t\t<\/span>\n\t\t\t\t\t\t\t\t\t\t<span class=\"elementor-icon-list-text\">Versatilidad<\/span>\n\t\t\t\t\t\t\t\t\t<\/li>\n\t\t\t\t\t\t<\/ul>\n\t\t\t\t\t\t<\/div>\n\t\t\t\t<\/div>\n\t\t\t\t\t<\/div>\n\t\t<\/div>\n\t\t\t\t\t<\/div>\n\t\t<\/section>\n\t\t\t\t<\/div>","protected":false},"excerpt":{"rendered":"<p>Inicio \/ Nuestros Servicios Ofrecemos nuestros servicios en jardines, parques, bosques y zonas urbanas, adaptando nuestras t\u00e9cnicas seg\u00fan las necesidades del entorno. Diagn\u00f3stico y evaluaci\u00f3n Inspecci\u00f3n detallada para determinar la presencia y gravedad de la plaga. Control biol\u00f3gico Uso de soluciones naturales como trampas y depredadores biol\u00f3gicos. Tratamientos preventivos Productos fitosanitarios para evitar la aparici\u00f3n [\u2026]<\/p>","protected":false},"author":1,"featured_media":0,"parent":0,"menu_order":0,"comment_status":"closed","ping_status":"closed","template":"","meta":{"footnotes":""},"class_list":["post-107","page","type-page","status-publish","hentry"],"yoast_head":"<!-- This site is optimized with the Yoast SEO Premium plugin v25.7.1 (Yoast SEO v25.8) - https:\/\/yoast.com\/wordpress\/plugins\/seo\/ -->\n<title>Servicios - Control Processionaria<\/title>\n<meta name=\"robots\" content=\"index, follow, max-snippet:-1, max-image-preview:large, max-video-preview:-1\" \/>\n<link rel=\"canonical\" href=\"https:\/\/controlprocessionaria.cat\/es\/servicios\/\" \/>\n<meta property=\"og:locale\" content=\"es_ES\" \/>\n<meta property=\"og:type\" content=\"article\" \/>\n<meta property=\"og:title\" content=\"Servicios\" \/>\n<meta property=\"og:description\" content=\"Inicio \/ Nuestros Servicios Ofrecemos nuestros servicios en jardines, parques, bosques y zonas urbanas, adaptando nuestras t\u00e9cnicas seg\u00fan las necesidades del entorno. Diagn\u00f3stico y evaluaci\u00f3n Inspecci\u00f3n detallada para determinar la presencia y gravedad de la plaga. Control biol\u00f3gico Uso de soluciones naturales como trampas y depredadores biol\u00f3gicos. Tratamientos preventivos Productos fitosanitarios para evitar la aparici\u00f3n [&hellip;]\" \/>\n<meta property=\"og:url\" content=\"https:\/\/controlprocessionaria.cat\/es\/servicios\/\" \/>\n<meta property=\"og:site_name\" content=\"Control Processionaria\" \/>\n<meta property=\"article:modified_time\" content=\"2025-08-26T11:42:31+00:00\" \/>\n<meta property=\"og:image\" content=\"https:\/\/controlprocessionaria.cat\/wp-content\/uploads\/2025\/08\/Procesionaria_1.jpg\" \/>\n<meta name=\"twitter:card\" content=\"summary_large_image\" \/>\n<meta name=\"twitter:label1\" content=\"Tiempo de lectura\" \/>\n\t<meta name=\"twitter:data1\" content=\"2 minutos\" \/>\n<script type=\"application\/ld+json\" class=\"yoast-schema-graph\">{\"@context\":\"https:\/\/schema.org\",\"@graph\":[{\"@type\":\"WebPage\",\"@id\":\"https:\/\/controlprocessionaria.cat\/servicios\/\",\"url\":\"https:\/\/controlprocessionaria.cat\/servicios\/\",\"name\":\"Servicios - Control Processionaria\",\"isPartOf\":{\"@id\":\"https:\/\/controlprocessionaria.cat\/#website\"},\"primaryImageOfPage\":{\"@id\":\"https:\/\/controlprocessionaria.cat\/servicios\/#primaryimage\"},\"image\":{\"@id\":\"https:\/\/controlprocessionaria.cat\/servicios\/#primaryimage\"},\"thumbnailUrl\":\"https:\/\/controlprocessionaria.cat\/wp-content\/uploads\/2025\/08\/Procesionaria_1.jpg\",\"datePublished\":\"2023-07-18T23:02:12+00:00\",\"dateModified\":\"2025-08-26T11:42:31+00:00\",\"breadcrumb\":{\"@id\":\"https:\/\/controlprocessionaria.cat\/servicios\/#breadcrumb\"},\"inLanguage\":\"es\",\"potentialAction\":[{\"@type\":\"ReadAction\",\"target\":[\"https:\/\/controlprocessionaria.cat\/servicios\/\"]}]},{\"@type\":\"ImageObject\",\"inLanguage\":\"es\",\"@id\":\"https:\/\/controlprocessionaria.cat\/servicios\/#primaryimage\",\"url\":\"https:\/\/controlprocessionaria.cat\/wp-content\/uploads\/2025\/08\/Procesionaria_1.jpg\",\"contentUrl\":\"https:\/\/controlprocessionaria.cat\/wp-content\/uploads\/2025\/08\/Procesionaria_1.jpg\"},{\"@type\":\"BreadcrumbList\",\"@id\":\"https:\/\/controlprocessionaria.cat\/servicios\/#breadcrumb\",\"itemListElement\":[{\"@type\":\"ListItem\",\"position\":1,\"name\":\"Portada\",\"item\":\"https:\/\/controlprocessionaria.cat\/\"},{\"@type\":\"ListItem\",\"position\":2,\"name\":\"Servicios\"}]},{\"@type\":\"WebSite\",\"@id\":\"https:\/\/controlprocessionaria.cat\/#website\",\"url\":\"https:\/\/controlprocessionaria.cat\/\",\"name\":\"Control Processionaria\",\"description\":\"\",\"potentialAction\":[{\"@type\":\"SearchAction\",\"target\":{\"@type\":\"EntryPoint\",\"urlTemplate\":\"https:\/\/controlprocessionaria.cat\/?s={search_term_string}\"},\"query-input\":{\"@type\":\"PropertyValueSpecification\",\"valueRequired\":true,\"valueName\":\"search_term_string\"}}],\"inLanguage\":\"es\"},{\"@type\":\"ImageObject\",\"inLanguage\":\"es\",\"@id\":\"https:\/\/controlprocessionaria.cat\/servicios\/#local-main-organization-logo\",\"url\":\"\",\"contentUrl\":\"\",\"caption\":\"Control Processionaria\"}]}<\/script>\n<!-- \/ Yoast SEO Premium plugin. -->","yoast_head_json":{"title":"Servicios - Control Procesionaria","robots":{"index":"index","follow":"follow","max-snippet":"max-snippet:-1","max-image-preview":"max-image-preview:large","max-video-preview":"max-video-preview:-1"},"canonical":"https:\/\/controlprocessionaria.cat\/es\/servicios\/","og_locale":"es_ES","og_type":"article","og_title":"Servicios","og_description":"Inicio \/ Nuestros Servicios Ofrecemos nuestros servicios en jardines, parques, bosques y zonas urbanas, adaptando nuestras t\u00e9cnicas seg\u00fan las necesidades del entorno. Diagn\u00f3stico y evaluaci\u00f3n Inspecci\u00f3n detallada para determinar la presencia y gravedad de la plaga. Control biol\u00f3gico Uso de soluciones naturales como trampas y depredadores biol\u00f3gicos. Tratamientos preventivos Productos fitosanitarios para evitar la aparici\u00f3n [&hellip;]","og_url":"https:\/\/controlprocessionaria.cat\/es\/servicios\/","og_site_name":"Control Processionaria","article_modified_time":"2025-08-26T11:42:31+00:00","og_image":[{"url":"https:\/\/controlprocessionaria.cat\/wp-content\/uploads\/2025\/08\/Procesionaria_1.jpg","type":"","width":"","height":""}],"twitter_card":"summary_large_image","twitter_misc":{"Tiempo de lectura":"2 minutos"},"schema":{"@context":"https:\/\/schema.org","@graph":[{"@type":"WebPage","@id":"https:\/\/controlprocessionaria.cat\/servicios\/","url":"https:\/\/controlprocessionaria.cat\/servicios\/","name":"Servicios - Control Procesionaria","isPartOf":{"@id":"https:\/\/controlprocessionaria.cat\/#website"},"primaryImageOfPage":{"@id":"https:\/\/controlprocessionaria.cat\/servicios\/#primaryimage"},"image":{"@id":"https:\/\/controlprocessionaria.cat\/servicios\/#primaryimage"},"thumbnailUrl":"https:\/\/controlprocessionaria.cat\/wp-content\/uploads\/2025\/08\/Procesionaria_1.jpg","datePublished":"2023-07-18T23:02:12+00:00","dateModified":"2025-08-26T11:42:31+00:00","breadcrumb":{"@id":"https:\/\/controlprocessionaria.cat\/servicios\/#breadcrumb"},"inLanguage":"es","potentialAction":[{"@type":"ReadAction","target":["https:\/\/controlprocessionaria.cat\/servicios\/"]}]},{"@type":"ImageObject","inLanguage":"es","@id":"https:\/\/controlprocessionaria.cat\/servicios\/#primaryimage","url":"https:\/\/controlprocessionaria.cat\/wp-content\/uploads\/2025\/08\/Procesionaria_1.jpg","contentUrl":"https:\/\/controlprocessionaria.cat\/wp-content\/uploads\/2025\/08\/Procesionaria_1.jpg"},{"@type":"BreadcrumbList","@id":"https:\/\/controlprocessionaria.cat\/servicios\/#breadcrumb","itemListElement":[{"@type":"ListItem","position":1,"name":"Portada","item":"https:\/\/controlprocessionaria.cat\/"},{"@type":"ListItem","position":2,"name":"Servicios"}]},{"@type":"WebSite","@id":"https:\/\/controlprocessionaria.cat\/#website","url":"https:\/\/controlprocessionaria.cat\/","name":"Control Procesionaria","description":"","potentialAction":[{"@type":"SearchAction","target":{"@type":"EntryPoint","urlTemplate":"https:\/\/controlprocessionaria.cat\/?s={search_term_string}"},"query-input":{"@type":"PropertyValueSpecification","valueRequired":true,"valueName":"search_term_string"}}],"inLanguage":"es"},{"@type":"ImageObject","inLanguage":"es","@id":"https:\/\/controlprocessionaria.cat\/servicios\/#local-main-organization-logo","url":"","contentUrl":"","caption":"Control Processionaria"}]}},"_links":{"self":[{"href":"https:\/\/controlprocessionaria.cat\/es\/wp-json\/wp\/v2\/pages\/107","targetHints":{"allow":["GET"]}}],"collection":[{"href":"https:\/\/controlprocessionaria.cat\/es\/wp-json\/wp\/v2\/pages"}],"about":[{"href":"https:\/\/controlprocessionaria.cat\/es\/wp-json\/wp\/v2\/types\/page"}],"author":[{"embeddable":true,"href":"https:\/\/controlprocessionaria.cat\/es\/wp-json\/wp\/v2\/users\/1"}],"replies":[{"embeddable":true,"href":"https:\/\/controlprocessionaria.cat\/es\/wp-json\/wp\/v2\/comments?post=107"}],"version-history":[{"count":0,"href":"https:\/\/controlprocessionaria.cat\/es\/wp-json\/wp\/v2\/pages\/107\/revisions"}],"wp:attachment":[{"href":"https:\/\/controlprocessionaria.cat\/es\/wp-json\/wp\/v2\/media?parent=107"}],"curies":[{"name":"wp","href":"https:\/\/api.w.org\/{rel}","templated":true}]}}