{"id":87,"date":"2023-07-09T22:59:47","date_gmt":"2023-07-09T22:59:47","guid":{"rendered":"https:\/\/0402864a.markandleads.com\/?page_id=87"},"modified":"2025-08-27T10:33:35","modified_gmt":"2025-08-27T08:33:35","slug":"politica-de-cookies","status":"publish","type":"page","link":"https:\/\/controlprocessionaria.cat\/en\/politica-de-cookies\/","title":{"rendered":"Cookie policy"},"content":{"rendered":"<div data-elementor-type=\"wp-page\" data-elementor-id=\"87\" class=\"elementor elementor-87\" data-elementor-post-type=\"page\">\n\t\t\t\t\t\t<section class=\"elementor-section elementor-top-section elementor-element elementor-element-7829f16 elementor-section-boxed elementor-section-height-default elementor-section-height-default\" data-id=\"7829f16\" data-element_type=\"section\">\n\t\t\t\t\t\t<div class=\"elementor-container elementor-column-gap-default\">\n\t\t\t\t\t<div class=\"elementor-column elementor-col-100 elementor-top-column elementor-element elementor-element-cd0d703\" data-id=\"cd0d703\" data-element_type=\"column\">\n\t\t\t<div class=\"elementor-widget-wrap elementor-element-populated\">\n\t\t\t\t\t\t<div class=\"elementor-element elementor-element-d25cb3e elementor-widget elementor-widget-text-editor\" data-id=\"d25cb3e\" data-element_type=\"widget\" data-widget_type=\"text-editor.default\">\n\t\t\t\t<div class=\"elementor-widget-container\">\n\t\t\t\t\t\t\t\t\t<p data-start=\"111\" data-end=\"452\">The website <strong data-start=\"123\" data-end=\"156\"><a class=\"decorated-link\" href=\"https:\/\/controlprocessionaria.cat\/en\/\" target=\"_new\" rel=\"noopener\" data-start=\"125\" data-end=\"154\">www.controlprocessionaria.cat<\/a><\/strong> uses a technology called \u201ccookies\u201d in order to collect information about the use of the Website. We inform you that we may use cookies in order to facilitate your navigation, distinguish you from other users and analyze your browsing habits within the Website.<\/p><p data-start=\"454\" data-end=\"600\">This Cookie Policy aims to inform you clearly and precisely about the cookies used on our Website.<\/p><hr data-start=\"602\" data-end=\"605\" \/><h2 data-start=\"607\" data-end=\"632\">What are cookies?<\/h2><p data-start=\"634\" data-end=\"854\">A cookie is a file that is downloaded to your device (computer or mobile device) for the purpose of storing data, which can be updated and retrieved by the entity responsible for its installation.<\/p><p data-start=\"856\" data-end=\"1161\">The information collected through cookies may include your IP address, date and time of visits to the Website, the pages viewed within it, the time spent on it, and the sites visited just before and after. Thanks to cookies, we can obtain information about your browsing habits.<\/p><hr data-start=\"1163\" data-end=\"1166\" \/><h2 data-start=\"1168\" data-end=\"1222\">Types of cookies we use on this Website<\/h2><p data-start=\"1224\" data-end=\"1614\"><strong data-start=\"1224\" data-end=\"1256\">Technical cookies (own):<\/strong><br data-start=\"1256\" data-end=\"1259\" \/>They are necessary for the operation of the Website and allow, for example, the communication of data, the login or the use of basic services. They do not require express consent since they are excluded from the scope of application of article 22.2 of Law 34\/2002, of July 11, on information society services and electronic commerce.<\/p><p data-start=\"1616\" data-end=\"1862\"><strong data-start=\"1616\" data-end=\"1650\">Analytical cookies (third parties):<\/strong><br data-start=\"1650\" data-end=\"1653\" \/>This Website uses the audience measurement system. <strong data-start=\"1711\" data-end=\"1731\">Google Analytics<\/strong>, a web analytics service provided by Google LLC, with address at 1600 Amphitheater Parkway, Mountain View, California 94043, USA.<\/p><p data-start=\"1864\" data-end=\"2151\">The installation of these cookies, together with server log files, allows us to know the total number of users who visit our Website, the most popular sections and how users interact, helping us to improve navigation and offer a better service.<\/p><p data-start=\"2153\" data-end=\"2309\">The international transfer of data with Google is covered by the formalization of the <strong data-start=\"2240\" data-end=\"2272\">Contractual Clauses Types<\/strong> approved by the European Commission.<\/p><hr data-start=\"2311\" data-end=\"2314\" \/><h2 data-start=\"2316\" data-end=\"2356\">Refusal and revocation of consent<\/h2><p data-start=\"2358\" data-end=\"2550\">You can refuse the use of cookies on this Website and revoke your consent at any time through the cookie settings banner or by adjusting your browser settings.<\/p><hr data-start=\"2552\" data-end=\"2555\" \/><h2 data-start=\"2557\" data-end=\"2583\">Deleting cookies<\/h2><p data-start=\"2585\" data-end=\"2783\">You can delete, block or disable cookies at any time by modifying your browser settings. This will allow you to refuse the installation of all cookies or only some.<\/p><p data-start=\"2785\" data-end=\"2910\">If you delete all cookies from this Website, your preferences (acceptance, rejection or revocation) will also be deleted.<\/p><p data-start=\"2912\" data-end=\"3012\">Below you can find information on how to manage cookies in the main browsers:<\/p><ul data-start=\"3014\" data-end=\"3468\"><li data-start=\"3014\" data-end=\"3107\"><p data-start=\"3016\" data-end=\"3107\"><a class=\"decorated-link cursor-pointer\" target=\"_new\" rel=\"noopener\" data-start=\"3016\" data-end=\"3105\">Firefox<\/a><\/p><\/li><li data-start=\"3108\" data-end=\"3174\"><p data-start=\"3110\" data-end=\"3174\"><a class=\"decorated-link cursor-pointer\" target=\"_new\" rel=\"noopener\" data-start=\"3110\" data-end=\"3172\">Chrome<\/a><\/p><\/li><li data-start=\"3175\" data-end=\"3247\"><p data-start=\"3177\" data-end=\"3247\"><a class=\"decorated-link cursor-pointer\" target=\"_new\" rel=\"noopener\" data-start=\"3177\" data-end=\"3245\">Safari<\/a><\/p><\/li><li data-start=\"3248\" data-end=\"3367\"><p data-start=\"3250\" data-end=\"3367\"><a class=\"decorated-link cursor-pointer\" target=\"_new\" rel=\"noopener\" data-start=\"3250\" data-end=\"3365\">Internet Explorer<\/a><\/p><\/li><li data-start=\"3368\" data-end=\"3468\"><p data-start=\"3370\" data-end=\"3468\"><a class=\"decorated-link cursor-pointer\" target=\"_new\" rel=\"noopener\" data-start=\"3370\" data-end=\"3466\">Microsoft Edge<\/a><\/p><\/li><\/ul><hr data-start=\"3470\" data-end=\"3473\" \/><h2 data-start=\"3475\" data-end=\"3512\">Changes to the Cookie Policy<\/h2><p data-start=\"3514\" data-end=\"3672\">We may update this Cookie Policy. We recommend that you review it periodically to stay informed about how and why we use cookies.<\/p><hr data-start=\"3674\" data-end=\"3677\" \/><h2 data-start=\"3679\" data-end=\"3706\">Privacy policy<\/h2><p data-start=\"3708\" data-end=\"3887\">You can read our <a class=\"decorated-link cursor-pointer\" target=\"_new\" rel=\"noopener\" data-start=\"3729\" data-end=\"3808\">Privacy policy<\/a> to obtain more information about the processing of your personal data.<\/p><hr data-start=\"3889\" data-end=\"3892\" \/><h2 data-start=\"3894\" data-end=\"3907\">Contact<\/h2><p data-start=\"3909\" data-end=\"4040\">If you have any questions, comments or suggestions about the Cookie Policy, you can contact us through:<\/p><ul data-start=\"4042\" data-end=\"4219\"><li data-start=\"4042\" data-end=\"4099\"><p data-start=\"4044\" data-end=\"4099\"><strong data-start=\"4044\" data-end=\"4066\">Email:<\/strong> <a class=\"decorated-link cursor-pointer\" rel=\"noopener\" data-start=\"4067\" data-end=\"4097\">info@controlprocessionaria.cat<\/a><\/p><\/li><li data-start=\"4100\" data-end=\"4128\"><p data-start=\"4102\" data-end=\"4128\"><strong data-start=\"4102\" data-end=\"4114\">Telephone:<\/strong> 619 567 708<\/p><\/li><li data-start=\"4129\" data-end=\"4219\"><p data-start=\"4131\" data-end=\"4219\"><strong data-start=\"4131\" data-end=\"4149\">Postal address:<\/strong> \u00c1ngel Guimer\u00e0 4, Local \u2013 08459 Sant Antoni de Vilamajor (Barcelona)<\/p><\/li><\/ul>\t\t\t\t\t\t\t\t<\/div>\n\t\t\t\t<\/div>\n\t\t\t\t\t<\/div>\n\t\t<\/div>\n\t\t\t\t\t<\/div>\n\t\t<\/section>\n\t\t\t\t<section class=\"elementor-section elementor-top-section elementor-element elementor-element-da68113 elementor-section-boxed elementor-section-height-default elementor-section-height-default\" data-id=\"da68113\" data-element_type=\"section\">\n\t\t\t\t\t\t<div class=\"elementor-container elementor-column-gap-default\">\n\t\t\t\t\t<div class=\"elementor-column elementor-col-100 elementor-top-column elementor-element elementor-element-bf3dd5b\" data-id=\"bf3dd5b\" data-element_type=\"column\">\n\t\t\t<div class=\"elementor-widget-wrap elementor-element-populated\">\n\t\t\t\t\t\t<div class=\"elementor-element elementor-element-ab64d80 elementor-widget elementor-widget-spacer\" data-id=\"ab64d80\" data-element_type=\"widget\" data-widget_type=\"spacer.default\">\n\t\t\t\t<div class=\"elementor-widget-container\">\n\t\t\t\t\t\t\t<div class=\"elementor-spacer\">\n\t\t\t<div class=\"elementor-spacer-inner\"><\/div>\n\t\t<\/div>\n\t\t\t\t\t\t<\/div>\n\t\t\t\t<\/div>\n\t\t\t\t\t<\/div>\n\t\t<\/div>\n\t\t\t\t\t<\/div>\n\t\t<\/section>\n\t\t\t\t<\/div>","protected":false},"excerpt":{"rendered":"<p>The website www.controlprocessionaria.cat uses a technology called \u201ccookies\u201d in order to collect information about the use of the Website. We inform you that we may use cookies in order to facilitate your navigation, distinguish you from other users and analyze your browsing habits within the Website. This Cookie Policy has as its purpose [\u2026]<\/p>","protected":false},"author":1,"featured_media":0,"parent":0,"menu_order":0,"comment_status":"closed","ping_status":"closed","template":"","meta":{"footnotes":""},"class_list":["post-87","page","type-page","status-publish","hentry"],"yoast_head":"<!-- This site is optimized with the Yoast SEO Premium plugin v25.7.1 (Yoast SEO v25.8) - https:\/\/yoast.com\/wordpress\/plugins\/seo\/ -->\n<title>Pol\u00edtica de cookies - Control Processionaria<\/title>\n<meta name=\"robots\" content=\"noindex, follow\" \/>\n<meta property=\"og:locale\" content=\"en_US\" \/>\n<meta property=\"og:type\" content=\"article\" \/>\n<meta property=\"og:title\" content=\"Pol\u00edtica de cookies\" \/>\n<meta property=\"og:description\" content=\"El lloc web www.controlprocessionaria.cat utilitza una tecnologia denominada \u201cgaletes\u201d amb la finalitat de poder recollir informaci\u00f3 sobre l\u2019\u00fas del Lloc web. L\u2019informem que podem utilitzar galetes amb la finalitat de facilitar la seva navegaci\u00f3, distingir-lo d\u2019altres usuaris i analitzar els seus h\u00e0bits de navegaci\u00f3 dins del Lloc web. La present Pol\u00edtica de galetes t\u00e9 com [&hellip;]\" \/>\n<meta property=\"og:url\" content=\"https:\/\/controlprocessionaria.cat\/en\/politica-de-cookies\/\" \/>\n<meta property=\"og:site_name\" content=\"Control Processionaria\" \/>\n<meta property=\"article:modified_time\" content=\"2025-08-27T08:33:35+00:00\" \/>\n<meta name=\"twitter:card\" content=\"summary_large_image\" \/>\n<meta name=\"twitter:label1\" content=\"Est. reading time\" \/>\n\t<meta name=\"twitter:data1\" content=\"3 minutes\" \/>\n<script type=\"application\/ld+json\" class=\"yoast-schema-graph\">{\"@context\":\"https:\/\/schema.org\",\"@graph\":[{\"@type\":\"WebPage\",\"@id\":\"https:\/\/controlprocessionaria.cat\/politica-de-cookies\/\",\"url\":\"https:\/\/controlprocessionaria.cat\/politica-de-cookies\/\",\"name\":\"Pol\u00edtica de cookies - Control Processionaria\",\"isPartOf\":{\"@id\":\"https:\/\/controlprocessionaria.cat\/#website\"},\"datePublished\":\"2023-07-09T22:59:47+00:00\",\"dateModified\":\"2025-08-27T08:33:35+00:00\",\"breadcrumb\":{\"@id\":\"https:\/\/controlprocessionaria.cat\/politica-de-cookies\/#breadcrumb\"},\"inLanguage\":\"en-US\",\"potentialAction\":[{\"@type\":\"ReadAction\",\"target\":[\"https:\/\/controlprocessionaria.cat\/politica-de-cookies\/\"]}]},{\"@type\":\"BreadcrumbList\",\"@id\":\"https:\/\/controlprocessionaria.cat\/politica-de-cookies\/#breadcrumb\",\"itemListElement\":[{\"@type\":\"ListItem\",\"position\":1,\"name\":\"Portada\",\"item\":\"https:\/\/controlprocessionaria.cat\/\"},{\"@type\":\"ListItem\",\"position\":2,\"name\":\"Pol\u00edtica de cookies\"}]},{\"@type\":\"WebSite\",\"@id\":\"https:\/\/controlprocessionaria.cat\/#website\",\"url\":\"https:\/\/controlprocessionaria.cat\/\",\"name\":\"Control Processionaria\",\"description\":\"\",\"potentialAction\":[{\"@type\":\"SearchAction\",\"target\":{\"@type\":\"EntryPoint\",\"urlTemplate\":\"https:\/\/controlprocessionaria.cat\/?s={search_term_string}\"},\"query-input\":{\"@type\":\"PropertyValueSpecification\",\"valueRequired\":true,\"valueName\":\"search_term_string\"}}],\"inLanguage\":\"en-US\"},{\"@type\":\"ImageObject\",\"inLanguage\":\"en-US\",\"@id\":\"https:\/\/controlprocessionaria.cat\/politica-de-cookies\/#local-main-organization-logo\",\"url\":\"\",\"contentUrl\":\"\",\"caption\":\"Control Processionaria\"}]}<\/script>\n<!-- \/ Yoast SEO Premium plugin. -->","yoast_head_json":{"title":"Cookies policy - Control Processionaria","robots":{"index":"noindex","follow":"follow"},"og_locale":"en_US","og_type":"article","og_title":"Pol\u00edtica de cookies","og_description":"El lloc web www.controlprocessionaria.cat utilitza una tecnologia denominada \u201cgaletes\u201d amb la finalitat de poder recollir informaci\u00f3 sobre l\u2019\u00fas del Lloc web. L\u2019informem que podem utilitzar galetes amb la finalitat de facilitar la seva navegaci\u00f3, distingir-lo d\u2019altres usuaris i analitzar els seus h\u00e0bits de navegaci\u00f3 dins del Lloc web. La present Pol\u00edtica de galetes t\u00e9 com [&hellip;]","og_url":"https:\/\/controlprocessionaria.cat\/en\/politica-de-cookies\/","og_site_name":"Control Processionaria","article_modified_time":"2025-08-27T08:33:35+00:00","twitter_card":"summary_large_image","twitter_misc":{"Est. reading time":"3 minutes"},"schema":{"@context":"https:\/\/schema.org","@graph":[{"@type":"WebPage","@id":"https:\/\/controlprocessionaria.cat\/politica-de-cookies\/","url":"https:\/\/controlprocessionaria.cat\/politica-de-cookies\/","name":"Cookies policy - Control Processionaria","isPartOf":{"@id":"https:\/\/controlprocessionaria.cat\/#website"},"datePublished":"2023-07-09T22:59:47+00:00","dateModified":"2025-08-27T08:33:35+00:00","breadcrumb":{"@id":"https:\/\/controlprocessionaria.cat\/politica-de-cookies\/#breadcrumb"},"inLanguage":"en-US","potentialAction":[{"@type":"ReadAction","target":["https:\/\/controlprocessionaria.cat\/politica-de-cookies\/"]}]},{"@type":"BreadcrumbList","@id":"https:\/\/controlprocessionaria.cat\/politica-de-cookies\/#breadcrumb","itemListElement":[{"@type":"ListItem","position":1,"name":"Portada","item":"https:\/\/controlprocessionaria.cat\/"},{"@type":"ListItem","position":2,"name":"Pol\u00edtica de cookies"}]},{"@type":"WebSite","@id":"https:\/\/controlprocessionaria.cat\/#website","url":"https:\/\/controlprocessionaria.cat\/","name":"Processionary Control","description":"","potentialAction":[{"@type":"SearchAction","target":{"@type":"EntryPoint","urlTemplate":"https:\/\/controlprocessionaria.cat\/?s={search_term_string}"},"query-input":{"@type":"PropertyValueSpecification","valueRequired":true,"valueName":"search_term_string"}}],"inLanguage":"en-US"},{"@type":"ImageObject","inLanguage":"en-US","@id":"https:\/\/controlprocessionaria.cat\/politica-de-cookies\/#local-main-organization-logo","url":"","contentUrl":"","caption":"Control Processionaria"}]}},"_links":{"self":[{"href":"https:\/\/controlprocessionaria.cat\/en\/wp-json\/wp\/v2\/pages\/87","targetHints":{"allow":["GET"]}}],"collection":[{"href":"https:\/\/controlprocessionaria.cat\/en\/wp-json\/wp\/v2\/pages"}],"about":[{"href":"https:\/\/controlprocessionaria.cat\/en\/wp-json\/wp\/v2\/types\/page"}],"author":[{"embeddable":true,"href":"https:\/\/controlprocessionaria.cat\/en\/wp-json\/wp\/v2\/users\/1"}],"replies":[{"embeddable":true,"href":"https:\/\/controlprocessionaria.cat\/en\/wp-json\/wp\/v2\/comments?post=87"}],"version-history":[{"count":0,"href":"https:\/\/controlprocessionaria.cat\/en\/wp-json\/wp\/v2\/pages\/87\/revisions"}],"wp:attachment":[{"href":"https:\/\/controlprocessionaria.cat\/en\/wp-json\/wp\/v2\/media?parent=87"}],"curies":[{"name":"wp","href":"https:\/\/api.w.org\/{rel}","templated":true}]}}