{"id":82,"date":"2023-07-09T22:57:05","date_gmt":"2023-07-09T22:57:05","guid":{"rendered":"https:\/\/0402864a.markandleads.com\/?page_id=82"},"modified":"2025-08-27T10:35:12","modified_gmt":"2025-08-27T08:35:12","slug":"politica-de-privacidad","status":"publish","type":"page","link":"https:\/\/controlprocessionaria.cat\/en\/politica-de-privacidad\/","title":{"rendered":"Privacy policy"},"content":{"rendered":"<div data-elementor-type=\"wp-page\" data-elementor-id=\"82\" class=\"elementor elementor-82\" data-elementor-post-type=\"page\">\n\t\t\t\t\t\t<section class=\"elementor-section elementor-top-section elementor-element elementor-element-d00621c elementor-section-boxed elementor-section-height-default elementor-section-height-default\" data-id=\"d00621c\" data-element_type=\"section\">\n\t\t\t\t\t\t<div class=\"elementor-container elementor-column-gap-default\">\n\t\t\t\t\t<div class=\"elementor-column elementor-col-100 elementor-top-column elementor-element elementor-element-322c026\" data-id=\"322c026\" data-element_type=\"column\">\n\t\t\t<div class=\"elementor-widget-wrap\">\n\t\t\t\t\t\t\t<\/div>\n\t\t<\/div>\n\t\t\t\t\t<\/div>\n\t\t<\/section>\n\t\t\t\t<section class=\"elementor-section elementor-top-section elementor-element elementor-element-752c10f elementor-section-boxed elementor-section-height-default elementor-section-height-default\" data-id=\"752c10f\" data-element_type=\"section\">\n\t\t\t\t\t\t<div class=\"elementor-container elementor-column-gap-default\">\n\t\t\t\t\t<div class=\"elementor-column elementor-col-100 elementor-top-column elementor-element elementor-element-8a8903b\" data-id=\"8a8903b\" data-element_type=\"column\">\n\t\t\t<div class=\"elementor-widget-wrap elementor-element-populated\">\n\t\t\t\t\t\t<div class=\"elementor-element elementor-element-a2417c3 elementor-widget elementor-widget-text-editor\" data-id=\"a2417c3\" data-element_type=\"widget\" data-widget_type=\"text-editor.default\">\n\t\t\t\t<div class=\"elementor-widget-container\">\n\t\t\t\t\t\t\t\t\t<h2 data-start=\"117\" data-end=\"151\">1. Responsible for the processing<\/h2><p data-start=\"153\" data-end=\"196\"><strong data-start=\"153\" data-end=\"194\">Data of the person responsible for the treatment:<\/strong><\/p><ul data-start=\"197\" data-end=\"405\"><li data-start=\"197\" data-end=\"227\"><p data-start=\"199\" data-end=\"227\"><strong data-start=\"199\" data-end=\"213\">Identity:<\/strong> DGTIC SCP<\/p><\/li><li data-start=\"228\" data-end=\"318\"><p data-start=\"230\" data-end=\"318\"><strong data-start=\"230\" data-end=\"248\">Postal address:<\/strong> \u00c1ngel Guimer\u00e0 4, Local \u2013 08459 Sant Antoni de Vilamajor (Barcelona)<\/p><\/li><li data-start=\"319\" data-end=\"347\"><p data-start=\"321\" data-end=\"347\"><strong data-start=\"321\" data-end=\"333\">Telephone:<\/strong> 619 567 708<\/p><\/li><li data-start=\"348\" data-end=\"405\"><p data-start=\"350\" data-end=\"405\"><strong data-start=\"350\" data-end=\"372\">Email:<\/strong> <a class=\"decorated-link cursor-pointer\" rel=\"noopener\" data-start=\"373\" data-end=\"403\">info@controlprocessionaria.cat<\/a><\/p><\/li><\/ul><hr data-start=\"407\" data-end=\"410\" \/><h2 data-start=\"412\" data-end=\"436\">2. Data collected<\/h2><p data-start=\"438\" data-end=\"684\"><strong data-start=\"438\" data-end=\"459\">Web browsing<\/strong><br data-start=\"459\" data-end=\"462\" \/>We collect data such as IP address, cookies and similar technologies. This data allows the connection with the website and the improvement of the user experience. You can consult more information in our Cookie Policy.<\/p><p data-start=\"686\" data-end=\"871\"><strong data-start=\"686\" data-end=\"745\">Request for information, purchase of a product or service<\/strong><br data-start=\"745\" data-end=\"748\" \/>We collect the identifying data necessary to manage your request, send the product or provide the service.<\/p><p data-start=\"873\" data-end=\"1018\"><strong data-start=\"873\" data-end=\"917\">Subscription to newsletters and publications<\/strong><br data-start=\"917\" data-end=\"920\" \/>We collect the identifying data necessary to send you the content to which you have subscribed.<\/p><p data-start=\"1020\" data-end=\"1437\"><strong data-start=\"1020\" data-end=\"1064\">Subscription to events and activities<\/strong><br data-start=\"1064\" data-end=\"1067\" \/>We collect the necessary data to manage your participation (name, surname, email, company, position and professional contact details). These events may be recorded or photographed, and your image may be published on the company&#039;s internal and external channels (website, social networks, etc.) solely for informational purposes about the activity.<\/p><hr data-start=\"1439\" data-end=\"1442\" \/><h2 data-start=\"1444\" data-end=\"1461\">3. Purpose<\/h2><p data-start=\"1463\" data-end=\"1513\">Personal data is collected and processed for:<\/p><ul data-start=\"1515\" data-end=\"1844\"><li data-start=\"1515\" data-end=\"1569\"><p data-start=\"1517\" data-end=\"1569\">Manage the relationship with the requested services.<\/p><\/li><li data-start=\"1570\" data-end=\"1647\"><p data-start=\"1572\" data-end=\"1647\">Send newsletters and information related to the company&#039;s activity.<\/p><\/li><li data-start=\"1648\" data-end=\"1675\"><p data-start=\"1650\" data-end=\"1675\">Manage website use.<\/p><\/li><li data-start=\"1676\" data-end=\"1748\"><p data-start=\"1678\" data-end=\"1748\">Respond to inquiries or requests submitted through the website.<\/p><\/li><li data-start=\"1749\" data-end=\"1844\"><p data-start=\"1751\" data-end=\"1844\">Inform about outreach and education activities related to our services.<\/p><\/li><\/ul><hr data-start=\"1846\" data-end=\"1849\" \/><h2 data-start=\"1851\" data-end=\"1884\">4. Legitimation and conservation<\/h2><ul data-start=\"1886\" data-end=\"2350\"><li data-start=\"1886\" data-end=\"2015\"><p data-start=\"1888\" data-end=\"2015\">The processing of the IP address is legitimized in the legitimate interest of the company to enable the connection and improve the service.<\/p><\/li><li data-start=\"2016\" data-end=\"2148\"><p data-start=\"2018\" data-end=\"2148\">In the case of subscriptions, requests or participation in events, the legal basis will be the express consent of the user.<\/p><\/li><li data-start=\"2149\" data-end=\"2350\"><p data-start=\"2151\" data-end=\"2350\">The data will be kept for as long as the relationship lasts or the user does not revoke consent. Subsequently, they will remain blocked until their definitive cancellation according to applicable regulations.<\/p><\/li><\/ul><hr data-start=\"2352\" data-end=\"2355\" \/><h2 data-start=\"2357\" data-end=\"2376\">5. Communication<\/h2><p data-start=\"2378\" data-end=\"2724\">DGTIC SCP will not communicate the data to third parties unless it is strictly necessary for the provision of the service or by legal obligation.<br data-start=\"2516\" data-end=\"2519\" \/>In the case of events organized with third parties, your data may be transferred solely for the management of these events.<br data-start=\"2652\" data-end=\"2655\" \/>No automated decisions will be made on the data collected.<\/p><hr data-start=\"2726\" data-end=\"2729\" \/><h2 data-start=\"2731\" data-end=\"2744\">6. Rights<\/h2><p data-start=\"2746\" data-end=\"2956\">The User may exercise their rights of access, rectification, deletion, opposition, limitation of processing and portability of their data, as well as revoke the consent given, by sending a request to:<\/p><ul data-start=\"2958\" data-end=\"3044\"><li data-start=\"2958\" data-end=\"3015\"><p data-start=\"2960\" data-end=\"3015\"><strong data-start=\"2960\" data-end=\"2982\">Email:<\/strong> <a class=\"decorated-link cursor-pointer\" rel=\"noopener\" data-start=\"2983\" data-end=\"3013\">info@controlprocessionaria.cat<\/a><\/p><\/li><li data-start=\"3016\" data-end=\"3044\"><p data-start=\"3018\" data-end=\"3044\"><strong data-start=\"3018\" data-end=\"3030\">Telephone:<\/strong> 619 567 708<\/p><\/li><\/ul><p data-start=\"3046\" data-end=\"3164\">The request must include name, surname, copy of the DNI or identification document, and the right you wish to exercise.<\/p>\t\t\t\t\t\t\t\t<\/div>\n\t\t\t\t<\/div>\n\t\t\t\t<div class=\"elementor-element elementor-element-c8566de elementor-widget elementor-widget-spacer\" data-id=\"c8566de\" data-element_type=\"widget\" data-widget_type=\"spacer.default\">\n\t\t\t\t<div class=\"elementor-widget-container\">\n\t\t\t\t\t\t\t<div class=\"elementor-spacer\">\n\t\t\t<div class=\"elementor-spacer-inner\"><\/div>\n\t\t<\/div>\n\t\t\t\t\t\t<\/div>\n\t\t\t\t<\/div>\n\t\t\t\t\t<\/div>\n\t\t<\/div>\n\t\t\t\t\t<\/div>\n\t\t<\/section>\n\t\t\t\t<\/div>","protected":false},"excerpt":{"rendered":"<p>1. Data controller Data controller: Identity: DGTIC SCP Postal address: \u00c1ngel Guimer\u00e0 4, Local \u2013 08459 Sant Antoni de Vilamajor (Barcelona) Telephone: 619 567 708 Email: info@controlprocessionaria.cat 2. Data collected Web browsingWe collect data such as IP address, cookies and similar technologies. This data allows the connection with the website [\u2026]<\/p>","protected":false},"author":1,"featured_media":0,"parent":0,"menu_order":0,"comment_status":"closed","ping_status":"closed","template":"","meta":{"footnotes":""},"class_list":["post-82","page","type-page","status-publish","hentry"],"yoast_head":"<!-- This site is optimized with the Yoast SEO Premium plugin v25.7.1 (Yoast SEO v25.8) - https:\/\/yoast.com\/wordpress\/plugins\/seo\/ -->\n<title>Pol\u00edtica de privacitat - Control Processionaria<\/title>\n<meta name=\"robots\" content=\"noindex, follow\" \/>\n<meta property=\"og:locale\" content=\"en_US\" \/>\n<meta property=\"og:type\" content=\"article\" \/>\n<meta property=\"og:title\" content=\"Pol\u00edtica de privacitat\" \/>\n<meta property=\"og:description\" content=\"1. Responsable del tractament Dades del responsable del tractament: Identitat: DGTIC S.C.P Adre\u00e7a postal: \u00c1ngel Guimer\u00e0 4, Local \u2013 08459 Sant Antoni de Vilamajor (Barcelona) Tel\u00e8fon: 619 567 708 Correu electr\u00f2nic: info@controlprocessionaria.cat 2. Dades recollides Navegaci\u00f3 del webRecollim dades com l\u2019adre\u00e7a IP, galetes i tecnologies similars. Aquestes dades permeten la connexi\u00f3 amb el lloc web [&hellip;]\" \/>\n<meta property=\"og:url\" content=\"https:\/\/controlprocessionaria.cat\/en\/politica-de-privacidad\/\" \/>\n<meta property=\"og:site_name\" content=\"Control Processionaria\" \/>\n<meta property=\"article:modified_time\" content=\"2025-08-27T08:35:12+00:00\" \/>\n<meta name=\"twitter:card\" content=\"summary_large_image\" \/>\n<meta name=\"twitter:label1\" content=\"Est. reading time\" \/>\n\t<meta name=\"twitter:data1\" content=\"2 minutes\" \/>\n<script type=\"application\/ld+json\" class=\"yoast-schema-graph\">{\"@context\":\"https:\/\/schema.org\",\"@graph\":[{\"@type\":\"WebPage\",\"@id\":\"https:\/\/controlprocessionaria.cat\/politica-de-privacidad\/\",\"url\":\"https:\/\/controlprocessionaria.cat\/politica-de-privacidad\/\",\"name\":\"Pol\u00edtica de privacitat - Control Processionaria\",\"isPartOf\":{\"@id\":\"https:\/\/controlprocessionaria.cat\/#website\"},\"datePublished\":\"2023-07-09T22:57:05+00:00\",\"dateModified\":\"2025-08-27T08:35:12+00:00\",\"breadcrumb\":{\"@id\":\"https:\/\/controlprocessionaria.cat\/politica-de-privacidad\/#breadcrumb\"},\"inLanguage\":\"en-US\",\"potentialAction\":[{\"@type\":\"ReadAction\",\"target\":[\"https:\/\/controlprocessionaria.cat\/politica-de-privacidad\/\"]}]},{\"@type\":\"BreadcrumbList\",\"@id\":\"https:\/\/controlprocessionaria.cat\/politica-de-privacidad\/#breadcrumb\",\"itemListElement\":[{\"@type\":\"ListItem\",\"position\":1,\"name\":\"Portada\",\"item\":\"https:\/\/controlprocessionaria.cat\/\"},{\"@type\":\"ListItem\",\"position\":2,\"name\":\"Pol\u00edtica de privacitat\"}]},{\"@type\":\"WebSite\",\"@id\":\"https:\/\/controlprocessionaria.cat\/#website\",\"url\":\"https:\/\/controlprocessionaria.cat\/\",\"name\":\"Control Processionaria\",\"description\":\"\",\"potentialAction\":[{\"@type\":\"SearchAction\",\"target\":{\"@type\":\"EntryPoint\",\"urlTemplate\":\"https:\/\/controlprocessionaria.cat\/?s={search_term_string}\"},\"query-input\":{\"@type\":\"PropertyValueSpecification\",\"valueRequired\":true,\"valueName\":\"search_term_string\"}}],\"inLanguage\":\"en-US\"},{\"@type\":\"ImageObject\",\"inLanguage\":\"en-US\",\"@id\":\"https:\/\/controlprocessionaria.cat\/politica-de-privacidad\/#local-main-organization-logo\",\"url\":\"\",\"contentUrl\":\"\",\"caption\":\"Control Processionaria\"}]}<\/script>\n<!-- \/ Yoast SEO Premium plugin. -->","yoast_head_json":{"title":"Privacy policy - Processional control","robots":{"index":"noindex","follow":"follow"},"og_locale":"en_US","og_type":"article","og_title":"Pol\u00edtica de privacitat","og_description":"1. Responsable del tractament Dades del responsable del tractament: Identitat: DGTIC S.C.P Adre\u00e7a postal: \u00c1ngel Guimer\u00e0 4, Local \u2013 08459 Sant Antoni de Vilamajor (Barcelona) Tel\u00e8fon: 619 567 708 Correu electr\u00f2nic: info@controlprocessionaria.cat 2. Dades recollides Navegaci\u00f3 del webRecollim dades com l\u2019adre\u00e7a IP, galetes i tecnologies similars. Aquestes dades permeten la connexi\u00f3 amb el lloc web [&hellip;]","og_url":"https:\/\/controlprocessionaria.cat\/en\/politica-de-privacidad\/","og_site_name":"Control Processionaria","article_modified_time":"2025-08-27T08:35:12+00:00","twitter_card":"summary_large_image","twitter_misc":{"Est. reading time":"2 minutes"},"schema":{"@context":"https:\/\/schema.org","@graph":[{"@type":"WebPage","@id":"https:\/\/controlprocessionaria.cat\/politica-de-privacidad\/","url":"https:\/\/controlprocessionaria.cat\/politica-de-privacidad\/","name":"Privacy policy - Processional control","isPartOf":{"@id":"https:\/\/controlprocessionaria.cat\/#website"},"datePublished":"2023-07-09T22:57:05+00:00","dateModified":"2025-08-27T08:35:12+00:00","breadcrumb":{"@id":"https:\/\/controlprocessionaria.cat\/politica-de-privacidad\/#breadcrumb"},"inLanguage":"en-US","potentialAction":[{"@type":"ReadAction","target":["https:\/\/controlprocessionaria.cat\/politica-de-privacidad\/"]}]},{"@type":"BreadcrumbList","@id":"https:\/\/controlprocessionaria.cat\/politica-de-privacidad\/#breadcrumb","itemListElement":[{"@type":"ListItem","position":1,"name":"Portada","item":"https:\/\/controlprocessionaria.cat\/"},{"@type":"ListItem","position":2,"name":"Pol\u00edtica de privacitat"}]},{"@type":"WebSite","@id":"https:\/\/controlprocessionaria.cat\/#website","url":"https:\/\/controlprocessionaria.cat\/","name":"Processionary Control","description":"","potentialAction":[{"@type":"SearchAction","target":{"@type":"EntryPoint","urlTemplate":"https:\/\/controlprocessionaria.cat\/?s={search_term_string}"},"query-input":{"@type":"PropertyValueSpecification","valueRequired":true,"valueName":"search_term_string"}}],"inLanguage":"en-US"},{"@type":"ImageObject","inLanguage":"en-US","@id":"https:\/\/controlprocessionaria.cat\/politica-de-privacidad\/#local-main-organization-logo","url":"","contentUrl":"","caption":"Control Processionaria"}]}},"_links":{"self":[{"href":"https:\/\/controlprocessionaria.cat\/en\/wp-json\/wp\/v2\/pages\/82","targetHints":{"allow":["GET"]}}],"collection":[{"href":"https:\/\/controlprocessionaria.cat\/en\/wp-json\/wp\/v2\/pages"}],"about":[{"href":"https:\/\/controlprocessionaria.cat\/en\/wp-json\/wp\/v2\/types\/page"}],"author":[{"embeddable":true,"href":"https:\/\/controlprocessionaria.cat\/en\/wp-json\/wp\/v2\/users\/1"}],"replies":[{"embeddable":true,"href":"https:\/\/controlprocessionaria.cat\/en\/wp-json\/wp\/v2\/comments?post=82"}],"version-history":[{"count":0,"href":"https:\/\/controlprocessionaria.cat\/en\/wp-json\/wp\/v2\/pages\/82\/revisions"}],"wp:attachment":[{"href":"https:\/\/controlprocessionaria.cat\/en\/wp-json\/wp\/v2\/media?parent=82"}],"curies":[{"name":"wp","href":"https:\/\/api.w.org\/{rel}","templated":true}]}}