{"id":77,"date":"2023-07-09T22:53:58","date_gmt":"2023-07-09T22:53:58","guid":{"rendered":"https:\/\/0402864a.markandleads.com\/?page_id=77"},"modified":"2025-08-27T10:30:20","modified_gmt":"2025-08-27T08:30:20","slug":"aviso-legal","status":"publish","type":"page","link":"https:\/\/controlprocessionaria.cat\/en\/aviso-legal\/","title":{"rendered":"Accessibility statement"},"content":{"rendered":"<div data-elementor-type=\"wp-page\" data-elementor-id=\"77\" class=\"elementor elementor-77\" data-elementor-post-type=\"page\">\n\t\t\t\t\t\t<section class=\"elementor-section elementor-top-section elementor-element elementor-element-0090af1 elementor-section-boxed elementor-section-height-default elementor-section-height-default\" data-id=\"0090af1\" data-element_type=\"section\">\n\t\t\t\t\t\t<div class=\"elementor-container elementor-column-gap-default\">\n\t\t\t\t\t<div class=\"elementor-column elementor-col-100 elementor-top-column elementor-element elementor-element-25534f9\" data-id=\"25534f9\" data-element_type=\"column\">\n\t\t\t<div class=\"elementor-widget-wrap elementor-element-populated\">\n\t\t\t\t\t\t<div class=\"elementor-element elementor-element-89cefb0 elementor-widget elementor-widget-text-editor\" data-id=\"89cefb0\" data-element_type=\"widget\" data-widget_type=\"text-editor.default\">\n\t\t\t\t<div class=\"elementor-widget-container\">\n\t\t\t\t\t\t\t\t\t<p data-start=\"136\" data-end=\"394\"><strong data-start=\"136\" data-end=\"151\">DGTIC SCP<\/strong> is committed to making its website accessible <strong data-start=\"200\" data-end=\"233\"><a class=\"decorated-link\" href=\"https:\/\/controlprocessionaria.cat\/en\/\" target=\"_new\" rel=\"noopener\" data-start=\"202\" data-end=\"231\">www.controlprocessionaria.cat<\/a><\/strong>, in accordance with Royal Decree 1112\/2018, of September 7, on accessibility of websites and applications for mobile devices in the public sector.<\/p><hr data-start=\"396\" data-end=\"399\" \/><h2 data-start=\"401\" data-end=\"428\">Compliance status<\/h2><p data-start=\"429\" data-end=\"589\">This website is <strong data-start=\"448\" data-end=\"472\">partially compliant<\/strong> with Royal Decree 1112\/2018, due to lack of conformity in some aspects indicated below.<\/p><hr data-start=\"591\" data-end=\"594\" \/><h2 data-start=\"596\" data-end=\"624\">Content not accessible<\/h2><p data-start=\"625\" data-end=\"706\">The content listed below is not accessible for the following reasons:<\/p><ul data-start=\"708\" data-end=\"977\"><li data-start=\"708\" data-end=\"774\"><p data-start=\"710\" data-end=\"774\">There may be occasional editing errors on some web pages.<\/p><\/li><li data-start=\"775\" data-end=\"893\"><p data-start=\"777\" data-end=\"893\">Certain PDF documents or other office formats may not fully meet accessibility requirements.<\/p><\/li><li data-start=\"894\" data-end=\"977\"><p data-start=\"896\" data-end=\"977\">There may be multimedia elements without full subtitles or audio description.<\/p><\/li><\/ul><hr data-start=\"979\" data-end=\"982\" \/><h2 data-start=\"984\" data-end=\"1041\">Preparation of this accessibility statement<\/h2><p data-start=\"1042\" data-end=\"1213\">This statement was prepared on <strong data-start=\"1084\" data-end=\"1106\">August 27, 2025<\/strong>.<br data-start=\"1107\" data-end=\"1110\" \/>The method used for the declaration was a <strong data-start=\"1160\" data-end=\"1177\">self-assessment<\/strong> carried out by the entity itself.<\/p><p data-start=\"1215\" data-end=\"1292\">The last review of the declaration was carried out on <strong data-start=\"1267\" data-end=\"1289\">August 27, 2025<\/strong>.<\/p><hr data-start=\"1294\" data-end=\"1297\" \/><h2 data-start=\"1299\" data-end=\"1336\">Observations and contact details<\/h2><p data-start=\"1337\" data-end=\"1464\">If you encounter accessibility barriers on this website or wish to make any queries or suggestions, you can do so through:<\/p><ul data-start=\"1466\" data-end=\"1643\"><li data-start=\"1466\" data-end=\"1523\"><p data-start=\"1468\" data-end=\"1523\"><strong data-start=\"1468\" data-end=\"1490\">Email:<\/strong> <a class=\"decorated-link cursor-pointer\" rel=\"noopener\" data-start=\"1491\" data-end=\"1521\">info@controlprocessionaria.cat<\/a><\/p><\/li><li data-start=\"1524\" data-end=\"1552\"><p data-start=\"1526\" data-end=\"1552\"><strong data-start=\"1526\" data-end=\"1538\">Telephone:<\/strong> 619 567 708<\/p><\/li><li data-start=\"1553\" data-end=\"1643\"><p data-start=\"1555\" data-end=\"1643\"><strong data-start=\"1555\" data-end=\"1573\">Postal address:<\/strong> \u00c1ngel Guimer\u00e0 4, Local \u2013 08459 Sant Antoni de Vilamajor (Barcelona)<\/p><\/li><\/ul><hr data-start=\"1645\" data-end=\"1648\" \/><h2 data-start=\"1650\" data-end=\"1678\">Application procedure<\/h2><p data-start=\"1679\" data-end=\"1972\">If, once a request for accessible information or complaint has been made, it is rejected, the decision taken is not in agreement or the response does not comply with the requirements established in article 12.5 of Royal Decree 1112\/2018, the interested party may initiate a claim.<\/p><p data-start=\"1974\" data-end=\"2179\">The claim may be filed with the <strong data-start=\"2017\" data-end=\"2039\">Ombudsman<\/strong> or through the electronic headquarters of the<strong data-start=\"2078\" data-end=\"2128\">Spanish Data Protection Agency (AEPD)<\/strong>, as well as any other competent authority.<\/p><hr data-start=\"2181\" data-end=\"2184\" \/><h2 data-start=\"2186\" data-end=\"2209\">Optional content<\/h2><p data-start=\"2210\" data-end=\"2396\">This website is designed to be viewed correctly on standard browsers and mobile devices. Technical measures have been implemented to improve accessibility, such as:<\/p><ul data-start=\"2398\" data-end=\"2659\"><li data-start=\"2398\" data-end=\"2484\"><p data-start=\"2400\" data-end=\"2484\">Semantic structure of HTML to facilitate navigation with screen readers.<\/p><\/li><li data-start=\"2485\" data-end=\"2528\"><p data-start=\"2487\" data-end=\"2528\">Use of alternative texts in images.<\/p><\/li><li data-start=\"2529\" data-end=\"2597\"><p data-start=\"2531\" data-end=\"2597\">Adequate contrast between text and background to ensure readability.<\/p><\/li><li data-start=\"2598\" data-end=\"2659\"><p data-start=\"2600\" data-end=\"2659\">Keyboard navigation for most content.<\/p><\/li><\/ul>\t\t\t\t\t\t\t\t<\/div>\n\t\t\t\t<\/div>\n\t\t\t\t\t<\/div>\n\t\t<\/div>\n\t\t\t\t\t<\/div>\n\t\t<\/section>\n\t\t\t\t<section class=\"elementor-section elementor-top-section elementor-element elementor-element-d219ccf elementor-section-boxed elementor-section-height-default elementor-section-height-default\" data-id=\"d219ccf\" data-element_type=\"section\">\n\t\t\t\t\t\t<div class=\"elementor-container elementor-column-gap-default\">\n\t\t\t\t\t<div class=\"elementor-column elementor-col-100 elementor-top-column elementor-element elementor-element-9b1ad9f\" data-id=\"9b1ad9f\" data-element_type=\"column\">\n\t\t\t<div class=\"elementor-widget-wrap elementor-element-populated\">\n\t\t\t\t\t\t<div class=\"elementor-element elementor-element-5f98691 elementor-widget elementor-widget-spacer\" data-id=\"5f98691\" data-element_type=\"widget\" data-widget_type=\"spacer.default\">\n\t\t\t\t<div class=\"elementor-widget-container\">\n\t\t\t\t\t\t\t<div class=\"elementor-spacer\">\n\t\t\t<div class=\"elementor-spacer-inner\"><\/div>\n\t\t<\/div>\n\t\t\t\t\t\t<\/div>\n\t\t\t\t<\/div>\n\t\t\t\t\t<\/div>\n\t\t<\/div>\n\t\t\t\t\t<\/div>\n\t\t<\/section>\n\t\t\t\t<\/div>","protected":false},"excerpt":{"rendered":"<p>DGTIC SCP has committed to making its website www.controlprocessionaria.cat accessible, in accordance with Royal Decree 1112\/2018, of September 7, on accessibility of websites and applications for mobile devices in the public sector. Compliance status This website is partially compliant with Royal Decree 1112\/2018, due to the [\u2026]<\/p>","protected":false},"author":1,"featured_media":0,"parent":0,"menu_order":0,"comment_status":"closed","ping_status":"closed","template":"","meta":{"footnotes":""},"class_list":["post-77","page","type-page","status-publish","hentry"],"yoast_head":"<!-- This site is optimized with the Yoast SEO Premium plugin v25.7.1 (Yoast SEO v25.8) - https:\/\/yoast.com\/wordpress\/plugins\/seo\/ -->\n<title>Declaraci\u00f3n d&#039;accesibilitat - Control Processionaria<\/title>\n<meta name=\"robots\" content=\"noindex, follow\" \/>\n<meta property=\"og:locale\" content=\"en_US\" \/>\n<meta property=\"og:type\" content=\"article\" \/>\n<meta property=\"og:title\" content=\"Declaraci\u00f3n d&#039;accesibilitat\" \/>\n<meta property=\"og:description\" content=\"DGTIC S.C.P s\u2019ha comprom\u00e8s a fer accessible el seu lloc web www.controlprocessionaria.cat, de conformitat amb el Reial decret 1112\/2018, de 7 de setembre, sobre accessibilitat dels llocs web i aplicacions per a dispositius m\u00f2bils del sector p\u00fablic. Situaci\u00f3 de compliment Aquest lloc web \u00e9s parcialment conforme amb el Reial decret 1112\/2018, a causa de la [&hellip;]\" \/>\n<meta property=\"og:url\" content=\"https:\/\/controlprocessionaria.cat\/en\/aviso-legal\/\" \/>\n<meta property=\"og:site_name\" content=\"Control Processionaria\" \/>\n<meta property=\"article:modified_time\" content=\"2025-08-27T08:30:20+00:00\" \/>\n<meta name=\"twitter:card\" content=\"summary_large_image\" \/>\n<meta name=\"twitter:label1\" content=\"Est. reading time\" \/>\n\t<meta name=\"twitter:data1\" content=\"2 minutes\" \/>\n<script type=\"application\/ld+json\" class=\"yoast-schema-graph\">{\"@context\":\"https:\/\/schema.org\",\"@graph\":[{\"@type\":\"WebPage\",\"@id\":\"https:\/\/controlprocessionaria.cat\/aviso-legal\/\",\"url\":\"https:\/\/controlprocessionaria.cat\/aviso-legal\/\",\"name\":\"Declaraci\u00f3n d'accesibilitat - Control Processionaria\",\"isPartOf\":{\"@id\":\"https:\/\/controlprocessionaria.cat\/#website\"},\"datePublished\":\"2023-07-09T22:53:58+00:00\",\"dateModified\":\"2025-08-27T08:30:20+00:00\",\"breadcrumb\":{\"@id\":\"https:\/\/controlprocessionaria.cat\/aviso-legal\/#breadcrumb\"},\"inLanguage\":\"en-US\",\"potentialAction\":[{\"@type\":\"ReadAction\",\"target\":[\"https:\/\/controlprocessionaria.cat\/aviso-legal\/\"]}]},{\"@type\":\"BreadcrumbList\",\"@id\":\"https:\/\/controlprocessionaria.cat\/aviso-legal\/#breadcrumb\",\"itemListElement\":[{\"@type\":\"ListItem\",\"position\":1,\"name\":\"Portada\",\"item\":\"https:\/\/controlprocessionaria.cat\/\"},{\"@type\":\"ListItem\",\"position\":2,\"name\":\"Declaraci\u00f3n d&#8217;accesibilitat\"}]},{\"@type\":\"WebSite\",\"@id\":\"https:\/\/controlprocessionaria.cat\/#website\",\"url\":\"https:\/\/controlprocessionaria.cat\/\",\"name\":\"Control Processionaria\",\"description\":\"\",\"potentialAction\":[{\"@type\":\"SearchAction\",\"target\":{\"@type\":\"EntryPoint\",\"urlTemplate\":\"https:\/\/controlprocessionaria.cat\/?s={search_term_string}\"},\"query-input\":{\"@type\":\"PropertyValueSpecification\",\"valueRequired\":true,\"valueName\":\"search_term_string\"}}],\"inLanguage\":\"en-US\"},{\"@type\":\"ImageObject\",\"inLanguage\":\"en-US\",\"@id\":\"https:\/\/controlprocessionaria.cat\/aviso-legal\/#local-main-organization-logo\",\"url\":\"\",\"contentUrl\":\"\",\"caption\":\"Control Processionaria\"}]}<\/script>\n<!-- \/ Yoast SEO Premium plugin. -->","yoast_head_json":{"title":"Accessibility Statement - Processionaria Control","robots":{"index":"noindex","follow":"follow"},"og_locale":"en_US","og_type":"article","og_title":"Declaraci\u00f3n d'accesibilitat","og_description":"DGTIC S.C.P s\u2019ha comprom\u00e8s a fer accessible el seu lloc web www.controlprocessionaria.cat, de conformitat amb el Reial decret 1112\/2018, de 7 de setembre, sobre accessibilitat dels llocs web i aplicacions per a dispositius m\u00f2bils del sector p\u00fablic. Situaci\u00f3 de compliment Aquest lloc web \u00e9s parcialment conforme amb el Reial decret 1112\/2018, a causa de la [&hellip;]","og_url":"https:\/\/controlprocessionaria.cat\/en\/aviso-legal\/","og_site_name":"Control Processionaria","article_modified_time":"2025-08-27T08:30:20+00:00","twitter_card":"summary_large_image","twitter_misc":{"Est. reading time":"2 minutes"},"schema":{"@context":"https:\/\/schema.org","@graph":[{"@type":"WebPage","@id":"https:\/\/controlprocessionaria.cat\/aviso-legal\/","url":"https:\/\/controlprocessionaria.cat\/aviso-legal\/","name":"Accessibility Statement - Processionaria Control","isPartOf":{"@id":"https:\/\/controlprocessionaria.cat\/#website"},"datePublished":"2023-07-09T22:53:58+00:00","dateModified":"2025-08-27T08:30:20+00:00","breadcrumb":{"@id":"https:\/\/controlprocessionaria.cat\/aviso-legal\/#breadcrumb"},"inLanguage":"en-US","potentialAction":[{"@type":"ReadAction","target":["https:\/\/controlprocessionaria.cat\/aviso-legal\/"]}]},{"@type":"BreadcrumbList","@id":"https:\/\/controlprocessionaria.cat\/aviso-legal\/#breadcrumb","itemListElement":[{"@type":"ListItem","position":1,"name":"Portada","item":"https:\/\/controlprocessionaria.cat\/"},{"@type":"ListItem","position":2,"name":"Declaraci\u00f3n d&#8217;accesibilitat"}]},{"@type":"WebSite","@id":"https:\/\/controlprocessionaria.cat\/#website","url":"https:\/\/controlprocessionaria.cat\/","name":"Processionary Control","description":"","potentialAction":[{"@type":"SearchAction","target":{"@type":"EntryPoint","urlTemplate":"https:\/\/controlprocessionaria.cat\/?s={search_term_string}"},"query-input":{"@type":"PropertyValueSpecification","valueRequired":true,"valueName":"search_term_string"}}],"inLanguage":"en-US"},{"@type":"ImageObject","inLanguage":"en-US","@id":"https:\/\/controlprocessionaria.cat\/aviso-legal\/#local-main-organization-logo","url":"","contentUrl":"","caption":"Control Processionaria"}]}},"_links":{"self":[{"href":"https:\/\/controlprocessionaria.cat\/en\/wp-json\/wp\/v2\/pages\/77","targetHints":{"allow":["GET"]}}],"collection":[{"href":"https:\/\/controlprocessionaria.cat\/en\/wp-json\/wp\/v2\/pages"}],"about":[{"href":"https:\/\/controlprocessionaria.cat\/en\/wp-json\/wp\/v2\/types\/page"}],"author":[{"embeddable":true,"href":"https:\/\/controlprocessionaria.cat\/en\/wp-json\/wp\/v2\/users\/1"}],"replies":[{"embeddable":true,"href":"https:\/\/controlprocessionaria.cat\/en\/wp-json\/wp\/v2\/comments?post=77"}],"version-history":[{"count":0,"href":"https:\/\/controlprocessionaria.cat\/en\/wp-json\/wp\/v2\/pages\/77\/revisions"}],"wp:attachment":[{"href":"https:\/\/controlprocessionaria.cat\/en\/wp-json\/wp\/v2\/media?parent=77"}],"curies":[{"name":"wp","href":"https:\/\/api.w.org\/{rel}","templated":true}]}}