{"id":725,"date":"2025-08-27T10:24:47","date_gmt":"2025-08-27T08:24:47","guid":{"rendered":"https:\/\/controlprocessionaria.cat\/?page_id=725"},"modified":"2025-08-27T10:32:30","modified_gmt":"2025-08-27T08:32:30","slug":"avis-legal","status":"publish","type":"page","link":"https:\/\/controlprocessionaria.cat\/en\/avis-legal\/","title":{"rendered":"Legal notice"},"content":{"rendered":"<div data-elementor-type=\"wp-page\" data-elementor-id=\"725\" class=\"elementor elementor-725\" data-elementor-post-type=\"page\">\n\t\t\t\t\t\t<section class=\"elementor-section elementor-top-section elementor-element elementor-element-7829f16 elementor-section-boxed elementor-section-height-default elementor-section-height-default\" data-id=\"7829f16\" data-element_type=\"section\">\n\t\t\t\t\t\t<div class=\"elementor-container elementor-column-gap-default\">\n\t\t\t\t\t<div class=\"elementor-column elementor-col-100 elementor-top-column elementor-element elementor-element-cd0d703\" data-id=\"cd0d703\" data-element_type=\"column\">\n\t\t\t<div class=\"elementor-widget-wrap elementor-element-populated\">\n\t\t\t\t\t\t<div class=\"elementor-element elementor-element-d25cb3e elementor-widget elementor-widget-text-editor\" data-id=\"d25cb3e\" data-element_type=\"widget\" data-widget_type=\"text-editor.default\">\n\t\t\t\t<div class=\"elementor-widget-container\">\n\t\t\t\t\t\t\t\t\t<h2 data-start=\"101\" data-end=\"127\">1. General information<\/h2><p data-start=\"128\" data-end=\"408\">In compliance with the duty of information established in article 10 of Law 34\/2002, of July 11, on Information Society Services and Electronic Commerce, it is reported that the website <strong data-start=\"322\" data-end=\"355\"><a class=\"decorated-link\" href=\"https:\/\/controlprocessionaria.cat\/en\/\" target=\"_new\" rel=\"noopener\" data-start=\"324\" data-end=\"353\">www.controlprocessionaria.cat<\/a><\/strong> (hereinafter, the \u201cWebsite\u201d) is owned by:<\/p><ul data-start=\"410\" data-end=\"609\"><li data-start=\"410\" data-end=\"438\"><p data-start=\"412\" data-end=\"438\"><strong data-start=\"412\" data-end=\"424\">Holder:<\/strong> DGtic SCP<\/p><\/li><li data-start=\"439\" data-end=\"522\"><p data-start=\"441\" data-end=\"522\"><strong data-start=\"441\" data-end=\"452\">Address:<\/strong> \u00c1ngel Guimer\u00e0 4, Local \u2013 08459 Sant Antoni de Vilamajor (Barcelona)<\/p><\/li><li data-start=\"523\" data-end=\"551\"><p data-start=\"525\" data-end=\"551\"><strong data-start=\"525\" data-end=\"537\">Telephone:<\/strong> 619 567 708<\/p><\/li><li data-start=\"552\" data-end=\"609\"><p data-start=\"554\" data-end=\"609\"><strong data-start=\"554\" data-end=\"576\">Email:<\/strong> <a class=\"decorated-link cursor-pointer\" rel=\"noopener\" data-start=\"577\" data-end=\"607\">info@controlprocessionaria.cat<\/a><\/p><\/li><\/ul><hr data-start=\"611\" data-end=\"614\" \/><h2 data-start=\"616\" data-end=\"639\">2. Terms of use<\/h2><p data-start=\"640\" data-end=\"831\">Access to and use of the Website confers the status of User, which implies full and unreserved acceptance of all the provisions included in this Legal Notice.<\/p><p data-start=\"833\" data-end=\"1124\">The User undertakes to make appropriate use of the Website and its contents, in accordance with applicable legislation, good faith and public order. Any use for illicit or harmful purposes that may cause damage or prevent the normal functioning of the Website is prohibited.<\/p><hr data-start=\"1126\" data-end=\"1129\" \/><h2 data-start=\"1131\" data-end=\"1175\">3. Intellectual and industrial property<\/h2><p data-start=\"1176\" data-end=\"1386\">All contents of the Website (texts, images, logos, software, graphic design or any other element susceptible to protection) are the property of DGtic SCP or third parties who have authorized its use.<\/p><p data-start=\"1388\" data-end=\"1619\">The User undertakes to respect intellectual and industrial property rights. Reproduction, distribution, public communication or transformation of these contents is prohibited without the express authorization of the owner.<\/p><hr data-start=\"1621\" data-end=\"1624\" \/><h2 data-start=\"1626\" data-end=\"1649\">4. Responsibility<\/h2><p data-start=\"1650\" data-end=\"1836\">DGTIC SCP is not responsible for any damages or losses that may arise from the use of the Website or any action taken based on the information contained therein.<\/p><p data-start=\"1838\" data-end=\"2005\">The owner also does not guarantee the absence of viruses or other elements that may cause alterations to the User&#039;s computer systems or electronic documents.<\/p><hr data-start=\"2007\" data-end=\"2010\" \/><h2 data-start=\"2012\" data-end=\"2028\">5. Links<\/h2><p data-start=\"2029\" data-end=\"2399\">The Website may contain links to third-party websites. DGTIC SCP assumes no responsibility for the content, information or services that may appear on these sites, which will be exclusively informative and do not imply in any case any relationship, approval or support between DGTIC SCP and the persons or entities that own said content.<\/p><hr data-start=\"2401\" data-end=\"2404\" \/><h2 data-start=\"2406\" data-end=\"2434\">6. Applicable legislation<\/h2><p data-start=\"2435\" data-end=\"2542\">This Legal Notice is governed in all its aspects by applicable Spanish and European legislation.<\/p><p data-start=\"2544\" data-end=\"2801\">For any dispute that may arise from the access or use of the Website, the parties submit to the Courts and Tribunals of <strong data-start=\"2674\" data-end=\"2700\">Granollers (Barcelona)<\/strong>, unless consumer and user protection regulations establish another applicable jurisdiction.<\/p>\t\t\t\t\t\t\t\t<\/div>\n\t\t\t\t<\/div>\n\t\t\t\t\t<\/div>\n\t\t<\/div>\n\t\t\t\t\t<\/div>\n\t\t<\/section>\n\t\t\t\t<section class=\"elementor-section elementor-top-section elementor-element elementor-element-da68113 elementor-section-boxed elementor-section-height-default elementor-section-height-default\" data-id=\"da68113\" data-element_type=\"section\">\n\t\t\t\t\t\t<div class=\"elementor-container elementor-column-gap-default\">\n\t\t\t\t\t<div class=\"elementor-column elementor-col-100 elementor-top-column elementor-element elementor-element-bf3dd5b\" data-id=\"bf3dd5b\" data-element_type=\"column\">\n\t\t\t<div class=\"elementor-widget-wrap elementor-element-populated\">\n\t\t\t\t\t\t<div class=\"elementor-element elementor-element-ab64d80 elementor-widget elementor-widget-spacer\" data-id=\"ab64d80\" data-element_type=\"widget\" data-widget_type=\"spacer.default\">\n\t\t\t\t<div class=\"elementor-widget-container\">\n\t\t\t\t\t\t\t<div class=\"elementor-spacer\">\n\t\t\t<div class=\"elementor-spacer-inner\"><\/div>\n\t\t<\/div>\n\t\t\t\t\t\t<\/div>\n\t\t\t\t<\/div>\n\t\t\t\t\t<\/div>\n\t\t<\/div>\n\t\t\t\t\t<\/div>\n\t\t<\/section>\n\t\t\t\t<\/div>","protected":false},"excerpt":{"rendered":"<p>1. General information In compliance with the duty of information established in article 10 of Law 34\/2002, of July 11, on Information Society Services and Electronic Commerce, it is reported that the website www.controlprocessionaria.cat (hereinafter, the \u201cWebsite\u201d) is owned by: Owner: DGtic SCP Address: \u00c1ngel Guimer\u00e0 4, Local \u2013 [\u2026]<\/p>","protected":false},"author":6,"featured_media":0,"parent":0,"menu_order":0,"comment_status":"closed","ping_status":"closed","template":"","meta":{"footnotes":""},"class_list":["post-725","page","type-page","status-publish","hentry"],"yoast_head":"<!-- This site is optimized with the Yoast SEO Premium plugin v25.7.1 (Yoast SEO v25.8) - https:\/\/yoast.com\/wordpress\/plugins\/seo\/ -->\n<title>Av\u00eds legal - Control Processionaria<\/title>\n<meta name=\"robots\" content=\"noindex, follow\" \/>\n<meta property=\"og:locale\" content=\"en_US\" \/>\n<meta property=\"og:type\" content=\"article\" \/>\n<meta property=\"og:title\" content=\"Av\u00eds legal\" \/>\n<meta property=\"og:description\" content=\"1. Informaci\u00f3 general En compliment amb el deure d\u2019informaci\u00f3 establert a l\u2019article 10 de la Llei 34\/2002, d\u201911 de juliol, de Serveis de la Societat de la Informaci\u00f3 i de Comer\u00e7 Electr\u00f2nic, s\u2019informa que el lloc web www.controlprocessionaria.cat (d\u2019ara endavant, el \u201cLloc Web\u201d) \u00e9s titularitat de: Titular: DGtic S.C.P Adre\u00e7a: \u00c1ngel Guimer\u00e0 4, Local \u2013 [&hellip;]\" \/>\n<meta property=\"og:url\" content=\"https:\/\/controlprocessionaria.cat\/en\/avis-legal\/\" \/>\n<meta property=\"og:site_name\" content=\"Control Processionaria\" \/>\n<meta property=\"article:modified_time\" content=\"2025-08-27T08:32:30+00:00\" \/>\n<meta name=\"twitter:card\" content=\"summary_large_image\" \/>\n<meta name=\"twitter:label1\" content=\"Est. reading time\" \/>\n\t<meta name=\"twitter:data1\" content=\"2 minutes\" \/>\n<script type=\"application\/ld+json\" class=\"yoast-schema-graph\">{\"@context\":\"https:\/\/schema.org\",\"@graph\":[{\"@type\":\"WebPage\",\"@id\":\"https:\/\/controlprocessionaria.cat\/avis-legal\/\",\"url\":\"https:\/\/controlprocessionaria.cat\/avis-legal\/\",\"name\":\"Av\u00eds legal - Control Processionaria\",\"isPartOf\":{\"@id\":\"https:\/\/controlprocessionaria.cat\/#website\"},\"datePublished\":\"2025-08-27T08:24:47+00:00\",\"dateModified\":\"2025-08-27T08:32:30+00:00\",\"breadcrumb\":{\"@id\":\"https:\/\/controlprocessionaria.cat\/avis-legal\/#breadcrumb\"},\"inLanguage\":\"en-US\",\"potentialAction\":[{\"@type\":\"ReadAction\",\"target\":[\"https:\/\/controlprocessionaria.cat\/avis-legal\/\"]}]},{\"@type\":\"BreadcrumbList\",\"@id\":\"https:\/\/controlprocessionaria.cat\/avis-legal\/#breadcrumb\",\"itemListElement\":[{\"@type\":\"ListItem\",\"position\":1,\"name\":\"Portada\",\"item\":\"https:\/\/controlprocessionaria.cat\/\"},{\"@type\":\"ListItem\",\"position\":2,\"name\":\"Av\u00eds legal\"}]},{\"@type\":\"WebSite\",\"@id\":\"https:\/\/controlprocessionaria.cat\/#website\",\"url\":\"https:\/\/controlprocessionaria.cat\/\",\"name\":\"Control Processionaria\",\"description\":\"\",\"potentialAction\":[{\"@type\":\"SearchAction\",\"target\":{\"@type\":\"EntryPoint\",\"urlTemplate\":\"https:\/\/controlprocessionaria.cat\/?s={search_term_string}\"},\"query-input\":{\"@type\":\"PropertyValueSpecification\",\"valueRequired\":true,\"valueName\":\"search_term_string\"}}],\"inLanguage\":\"en-US\"},{\"@type\":\"ImageObject\",\"inLanguage\":\"en-US\",\"@id\":\"https:\/\/controlprocessionaria.cat\/avis-legal\/#local-main-organization-logo\",\"url\":\"\",\"contentUrl\":\"\",\"caption\":\"Control Processionaria\"}]}<\/script>\n<!-- \/ Yoast SEO Premium plugin. -->","yoast_head_json":{"title":"Legal notice - Processionary Control","robots":{"index":"noindex","follow":"follow"},"og_locale":"en_US","og_type":"article","og_title":"Av\u00eds legal","og_description":"1. Informaci\u00f3 general En compliment amb el deure d\u2019informaci\u00f3 establert a l\u2019article 10 de la Llei 34\/2002, d\u201911 de juliol, de Serveis de la Societat de la Informaci\u00f3 i de Comer\u00e7 Electr\u00f2nic, s\u2019informa que el lloc web www.controlprocessionaria.cat (d\u2019ara endavant, el \u201cLloc Web\u201d) \u00e9s titularitat de: Titular: DGtic S.C.P Adre\u00e7a: \u00c1ngel Guimer\u00e0 4, Local \u2013 [&hellip;]","og_url":"https:\/\/controlprocessionaria.cat\/en\/avis-legal\/","og_site_name":"Control Processionaria","article_modified_time":"2025-08-27T08:32:30+00:00","twitter_card":"summary_large_image","twitter_misc":{"Est. reading time":"2 minutes"},"schema":{"@context":"https:\/\/schema.org","@graph":[{"@type":"WebPage","@id":"https:\/\/controlprocessionaria.cat\/avis-legal\/","url":"https:\/\/controlprocessionaria.cat\/avis-legal\/","name":"Legal notice - Processionary Control","isPartOf":{"@id":"https:\/\/controlprocessionaria.cat\/#website"},"datePublished":"2025-08-27T08:24:47+00:00","dateModified":"2025-08-27T08:32:30+00:00","breadcrumb":{"@id":"https:\/\/controlprocessionaria.cat\/avis-legal\/#breadcrumb"},"inLanguage":"en-US","potentialAction":[{"@type":"ReadAction","target":["https:\/\/controlprocessionaria.cat\/avis-legal\/"]}]},{"@type":"BreadcrumbList","@id":"https:\/\/controlprocessionaria.cat\/avis-legal\/#breadcrumb","itemListElement":[{"@type":"ListItem","position":1,"name":"Portada","item":"https:\/\/controlprocessionaria.cat\/"},{"@type":"ListItem","position":2,"name":"Av\u00eds legal"}]},{"@type":"WebSite","@id":"https:\/\/controlprocessionaria.cat\/#website","url":"https:\/\/controlprocessionaria.cat\/","name":"Processionary Control","description":"","potentialAction":[{"@type":"SearchAction","target":{"@type":"EntryPoint","urlTemplate":"https:\/\/controlprocessionaria.cat\/?s={search_term_string}"},"query-input":{"@type":"PropertyValueSpecification","valueRequired":true,"valueName":"search_term_string"}}],"inLanguage":"en-US"},{"@type":"ImageObject","inLanguage":"en-US","@id":"https:\/\/controlprocessionaria.cat\/avis-legal\/#local-main-organization-logo","url":"","contentUrl":"","caption":"Control Processionaria"}]}},"_links":{"self":[{"href":"https:\/\/controlprocessionaria.cat\/en\/wp-json\/wp\/v2\/pages\/725","targetHints":{"allow":["GET"]}}],"collection":[{"href":"https:\/\/controlprocessionaria.cat\/en\/wp-json\/wp\/v2\/pages"}],"about":[{"href":"https:\/\/controlprocessionaria.cat\/en\/wp-json\/wp\/v2\/types\/page"}],"author":[{"embeddable":true,"href":"https:\/\/controlprocessionaria.cat\/en\/wp-json\/wp\/v2\/users\/6"}],"replies":[{"embeddable":true,"href":"https:\/\/controlprocessionaria.cat\/en\/wp-json\/wp\/v2\/comments?post=725"}],"version-history":[{"count":0,"href":"https:\/\/controlprocessionaria.cat\/en\/wp-json\/wp\/v2\/pages\/725\/revisions"}],"wp:attachment":[{"href":"https:\/\/controlprocessionaria.cat\/en\/wp-json\/wp\/v2\/media?parent=725"}],"curies":[{"name":"wp","href":"https:\/\/api.w.org\/{rel}","templated":true}]}}